{"id":10669,"date":"2026-03-04T08:45:32","date_gmt":"2026-03-04T08:45:32","guid":{"rendered":"https:\/\/airobazar.com\/?post_type=product&#038;p=10669"},"modified":"2026-03-04T08:58:11","modified_gmt":"2026-03-04T08:58:11","slug":"paslanmaz-celik-servis-tepsisi-luks-kromaj-kaplama-tepsi-kahvalti-ve-sofra-tepsisi50-cm","status":"publish","type":"product","link":"https:\/\/airobazar.com\/tr\/urun\/paslanmaz-celik-servis-tepsisi-luks-kromaj-kaplama-tepsi-kahvalti-ve-sofra-tepsisi50-cm\/","title":{"rendered":"Paslanmaz \u00c7elik Servis Tepsisi, L\u00fcks Kromaj Kaplama Tepsi, Kahvalt\u0131 ve Sofra Tepsisi(50 cm)"},"content":{"rendered":"<div class=\"flex flex-col text-sm pb-25\">\n<article class=\"text-token-text-primary w-full focus:outline-none [--shadow-height:45px] has-data-writing-block:pointer-events-none has-data-writing-block:-mt-(--shadow-height) has-data-writing-block:pt-(--shadow-height) [&amp;:has([data-writing-block])&gt;*]:pointer-events-auto scroll-mt-(--header-height)\" dir=\"auto\" tabindex=\"-1\" data-turn-id=\"96e63a3e-a929-417a-9a22-034541407036\" data-testid=\"conversation-turn-13\" data-scroll-anchor=\"false\" data-turn=\"user\"><\/article>\n<article class=\"text-token-text-primary w-full focus:outline-none [--shadow-height:45px] has-data-writing-block:pointer-events-none has-data-writing-block:-mt-(--shadow-height) has-data-writing-block:pt-(--shadow-height) [&amp;:has([data-writing-block])&gt;*]:pointer-events-auto scroll-mt-[calc(var(--header-height)+min(200px,max(70px,20svh)))]\" dir=\"auto\" tabindex=\"-1\" data-turn-id=\"request-WEB:9534b626-566a-411d-80e4-a8edcab39101-6\" data-testid=\"conversation-turn-14\" data-scroll-anchor=\"true\" data-turn=\"assistant\">\n<div class=\"text-base my-auto mx-auto pb-10 [--thread-content-margin:--spacing(4)] @w-sm\/main:[--thread-content-margin:--spacing(6)] @w-lg\/main:[--thread-content-margin:--spacing(16)] px-(--thread-content-margin)\">\n<div class=\"[--thread-content-max-width:40rem] @w-lg\/main:[--thread-content-max-width:48rem] mx-auto max-w-(--thread-content-max-width) flex-1 group\/turn-messages focus-visible:outline-hidden relative flex w-full min-w-0 flex-col agent-turn\" tabindex=\"-1\">\n<div class=\"flex max-w-full flex-col grow\">\n<div class=\"min-h-8 text-message relative flex w-full flex-col items-end gap-2 text-start break-words whitespace-normal [.text-message+&amp;]:mt-1\" dir=\"auto\" data-message-author-role=\"assistant\" data-message-id=\"45c25e15-d721-4a4f-96c2-3cc336475849\" data-message-model-slug=\"gpt-5-2\">\n<div class=\"flex w-full flex-col gap-1 empty:hidden first:pt-[1px]\">\n<div class=\"markdown prose dark:prose-invert w-full wrap-break-word light markdown-new-styling\">\n<h2>Paslanmaz \u00c7elik Servis Tepsisi, L\u00fcks Kromaj Kaplama Tepsi (50 cm)<\/h2>\n<p>50 cm \u00e7ap\u0131nda Paslanmaz \u00c7elik Servis Tepsisi, l\u00fcks kromaj kaplama y\u00fczeyi ve modern tasar\u0131m\u0131yla sofralar\u0131n\u0131za zarafet katar. Hem g\u00fcnl\u00fck kullan\u0131m hem de misafir a\u011f\u0131rlamalar\u0131nda ideal olan bu kahvalt\u0131 ve sofra tepsisi, \u015f\u0131kl\u0131k ile fonksiyonelli\u011fi bir arada sunar.<\/p>\n<h3>L\u00fcks Kromaj Kaplama ve Dekoratif Tasar\u0131m<\/h3>\n<p>Parlak kromaj kaplama tepsi y\u00fczeyi hem estetik bir g\u00f6r\u00fcn\u00fcm sa\u011flar hem de kolay temizlenebilir yap\u0131 sunar. \u00dczerindeki dekoratif desen detaylar\u0131 sayesinde sunumlar\u0131n\u0131za g\u00f6z al\u0131c\u0131 bir dokunu\u015f ekler. Modern ve klasik masa d\u00fczenleriyle uyum sa\u011flar.<\/p>\n<h3>50 cm Geni\u015flik \u2013 Kahvalt\u0131 ve Sofra Sunumlar\u0131 \u0130\u00e7in \u0130deal<\/h3>\n<p>Geni\u015f 50 cm \u00e7ap\u0131 sayesinde birden fazla \u00e7ay barda\u011f\u0131, kahve fincan\u0131, tabak ve at\u0131\u015ft\u0131rmal\u0131\u011f\u0131 rahatl\u0131kla ta\u015f\u0131yabilir. Bu paslanmaz \u00e7elik sofra tepsisi, \u00f6zellikle kahvalt\u0131 sunumlar\u0131, \u00e7ay servisi ve \u00f6zel davetler i\u00e7in m\u00fckemmel bir tercihtir.<\/p>\n<h3>Dayan\u0131kl\u0131, Uzun \u00d6m\u00fcrl\u00fc ve Kolay Temizlenebilir<\/h3>\n<p>Kaliteli paslanmaz \u00e7elik malzemeden \u00fcretilen bu l\u00fcks servis tepsisi, \u00e7izilmelere ve deformasyona kar\u015f\u0131 dayan\u0131kl\u0131d\u0131r. P\u00fcr\u00fczs\u00fcz kromaj y\u00fczeyi sayesinde kolayca temizlenir ve uzun s\u00fcre parlakl\u0131\u011f\u0131n\u0131 korur.<\/p>\n<\/div>\n<\/div>\n<\/div>\n<\/div>\n<\/div>\n<\/div>\n<\/article>\n<\/div>\n","protected":false},"excerpt":{"rendered":"<p>Paslanmaz \u00c7elik Servis Tepsisi, L\u00fcks Kromaj Kaplama Tepsi (50 cm) 50 cm \u00e7ap\u0131nda Paslanmaz \u00c7elik Servis Tepsisi, l\u00fcks kromaj kaplama<\/p>\n","protected":false},"featured_media":10663,"comment_status":"open","ping_status":"closed","template":"","meta":[],"product_brand":[],"product_cat":[233,248,216,240],"product_tag":[],"class_list":{"0":"post-10669","1":"product","2":"type-product","3":"status-publish","4":"has-post-thumbnail","6":"product_cat-ev-esyalari","7":"product_cat-mutfak-esyalari","8":"product_cat-tepsi-cesitleri","9":"product_cat-tum-katagoriler","11":"first","12":"instock","13":"sale","14":"taxable","15":"shipping-taxable","16":"purchasable","17":"product-type-simple"},"yoast_head":"<!-- This site is optimized with the Yoast SEO plugin v27.4 - https:\/\/yoast.com\/product\/yoast-seo-wordpress\/ -->\n<title>Paslanmaz \u00c7elik Servis Tepsisi, L\u00fcks Kromaj Kaplama Tepsi, Kahvalt\u0131 ve Sofra Tepsisi(50 cm) - AiroBazar<\/title>\n<meta name=\"robots\" content=\"index, follow, max-snippet:-1, max-image-preview:large, max-video-preview:-1\" \/>\n<link rel=\"canonical\" href=\"https:\/\/airobazar.com\/product\/stainless-steel-serving-tray-with-chrome-finishtray-for-home-kitchen-table-service-50-cm\/\" \/>\n<meta property=\"og:locale\" content=\"tr_TR\" \/>\n<meta property=\"og:type\" content=\"article\" \/>\n<meta property=\"og:title\" content=\"Paslanmaz \u00c7elik Servis Tepsisi, L\u00fcks Kromaj Kaplama Tepsi, Kahvalt\u0131 ve Sofra Tepsisi(50 cm) - AiroBazar\" \/>\n<meta property=\"og:description\" content=\"Paslanmaz \u00c7elik Servis Tepsisi, L\u00fcks Kromaj Kaplama Tepsi (50 cm) 50 cm \u00e7ap\u0131nda Paslanmaz \u00c7elik Servis Tepsisi, l\u00fcks kromaj kaplama\" \/>\n<meta property=\"og:url\" content=\"https:\/\/airobazar.com\/product\/stainless-steel-serving-tray-with-chrome-finishtray-for-home-kitchen-table-service-50-cm\/\" \/>\n<meta property=\"og:site_name\" content=\"AiroBazar\" \/>\n<meta property=\"article:modified_time\" content=\"2026-03-04T08:58:11+00:00\" \/>\n<meta property=\"og:image\" content=\"https:\/\/airobazar.com\/wp-content\/uploads\/2026\/03\/Urun-Gorselleri-18-768x1024.png\" \/>\n\t<meta property=\"og:image:width\" content=\"768\" \/>\n\t<meta property=\"og:image:height\" content=\"1024\" \/>\n\t<meta property=\"og:image:type\" content=\"image\/png\" \/>\n<meta name=\"twitter:card\" content=\"summary_large_image\" \/>\n<meta name=\"twitter:label1\" content=\"Tahmini okuma s\u00fcresi\" \/>\n\t<meta name=\"twitter:data1\" content=\"1 dakika\" \/>\n<script type=\"application\/ld+json\" class=\"yoast-schema-graph\">{\"@context\":\"https:\\\/\\\/schema.org\",\"@graph\":[{\"@type\":\"WebPage\",\"@id\":\"https:\\\/\\\/airobazar.com\\\/product\\\/stainless-steel-serving-tray-with-chrome-finishtray-for-home-kitchen-table-service-50-cm\\\/\",\"url\":\"https:\\\/\\\/airobazar.com\\\/product\\\/stainless-steel-serving-tray-with-chrome-finishtray-for-home-kitchen-table-service-50-cm\\\/\",\"name\":\"Paslanmaz \u00c7elik Servis Tepsisi, L\u00fcks Kromaj Kaplama Tepsi, Kahvalt\u0131 ve Sofra Tepsisi(50 cm) - AiroBazar\",\"isPartOf\":{\"@id\":\"https:\\\/\\\/airobazar.com\\\/#website\"},\"primaryImageOfPage\":{\"@id\":\"https:\\\/\\\/airobazar.com\\\/product\\\/stainless-steel-serving-tray-with-chrome-finishtray-for-home-kitchen-table-service-50-cm\\\/#primaryimage\"},\"image\":{\"@id\":\"https:\\\/\\\/airobazar.com\\\/product\\\/stainless-steel-serving-tray-with-chrome-finishtray-for-home-kitchen-table-service-50-cm\\\/#primaryimage\"},\"thumbnailUrl\":\"https:\\\/\\\/airobazar.com\\\/wp-content\\\/uploads\\\/2026\\\/03\\\/Urun-Gorselleri-18.png\",\"datePublished\":\"2026-03-04T08:45:32+00:00\",\"dateModified\":\"2026-03-04T08:58:11+00:00\",\"breadcrumb\":{\"@id\":\"https:\\\/\\\/airobazar.com\\\/product\\\/stainless-steel-serving-tray-with-chrome-finishtray-for-home-kitchen-table-service-50-cm\\\/#breadcrumb\"},\"inLanguage\":\"tr\",\"potentialAction\":[{\"@type\":\"ReadAction\",\"target\":[\"https:\\\/\\\/airobazar.com\\\/product\\\/stainless-steel-serving-tray-with-chrome-finishtray-for-home-kitchen-table-service-50-cm\\\/\"]}]},{\"@type\":\"ImageObject\",\"inLanguage\":\"tr\",\"@id\":\"https:\\\/\\\/airobazar.com\\\/product\\\/stainless-steel-serving-tray-with-chrome-finishtray-for-home-kitchen-table-service-50-cm\\\/#primaryimage\",\"url\":\"https:\\\/\\\/airobazar.com\\\/wp-content\\\/uploads\\\/2026\\\/03\\\/Urun-Gorselleri-18.png\",\"contentUrl\":\"https:\\\/\\\/airobazar.com\\\/wp-content\\\/uploads\\\/2026\\\/03\\\/Urun-Gorselleri-18.png\",\"width\":1200,\"height\":1600},{\"@type\":\"BreadcrumbList\",\"@id\":\"https:\\\/\\\/airobazar.com\\\/product\\\/stainless-steel-serving-tray-with-chrome-finishtray-for-home-kitchen-table-service-50-cm\\\/#breadcrumb\",\"itemListElement\":[{\"@type\":\"ListItem\",\"position\":1,\"name\":\"Home\",\"item\":\"https:\\\/\\\/airobazar.com\\\/tr\\\/\"},{\"@type\":\"ListItem\",\"position\":2,\"name\":\"Ma\u011faza\",\"item\":\"https:\\\/\\\/airobazar.com\\\/tr\\\/magaza\\\/\"},{\"@type\":\"ListItem\",\"position\":3,\"name\":\"Paslanmaz \u00c7elik Servis Tepsisi, L\u00fcks Kromaj Kaplama Tepsi, Kahvalt\u0131 ve Sofra Tepsisi(50 cm)\"}]},{\"@type\":\"WebSite\",\"@id\":\"https:\\\/\\\/airobazar.com\\\/#website\",\"url\":\"https:\\\/\\\/airobazar.com\\\/\",\"name\":\"AiroBazar\",\"description\":\"online sales\",\"potentialAction\":[{\"@type\":\"SearchAction\",\"target\":{\"@type\":\"EntryPoint\",\"urlTemplate\":\"https:\\\/\\\/airobazar.com\\\/?s={search_term_string}\"},\"query-input\":{\"@type\":\"PropertyValueSpecification\",\"valueRequired\":true,\"valueName\":\"search_term_string\"}}],\"inLanguage\":\"tr\"}]}<\/script>\n<!-- \/ Yoast SEO plugin. -->","yoast_head_json":{"title":"Paslanmaz \u00c7elik Servis Tepsisi, L\u00fcks Kromaj Kaplama Tepsi, Kahvalt\u0131 ve Sofra Tepsisi(50 cm) - AiroBazar","robots":{"index":"index","follow":"follow","max-snippet":"max-snippet:-1","max-image-preview":"max-image-preview:large","max-video-preview":"max-video-preview:-1"},"canonical":"https:\/\/airobazar.com\/product\/stainless-steel-serving-tray-with-chrome-finishtray-for-home-kitchen-table-service-50-cm\/","og_locale":"tr_TR","og_type":"article","og_title":"Paslanmaz \u00c7elik Servis Tepsisi, L\u00fcks Kromaj Kaplama Tepsi, Kahvalt\u0131 ve Sofra Tepsisi(50 cm) - AiroBazar","og_description":"Paslanmaz \u00c7elik Servis Tepsisi, L\u00fcks Kromaj Kaplama Tepsi (50 cm) 50 cm \u00e7ap\u0131nda Paslanmaz \u00c7elik Servis Tepsisi, l\u00fcks kromaj kaplama","og_url":"https:\/\/airobazar.com\/product\/stainless-steel-serving-tray-with-chrome-finishtray-for-home-kitchen-table-service-50-cm\/","og_site_name":"AiroBazar","article_modified_time":"2026-03-04T08:58:11+00:00","og_image":[{"width":768,"height":1024,"url":"https:\/\/airobazar.com\/wp-content\/uploads\/2026\/03\/Urun-Gorselleri-18-768x1024.png","type":"image\/png"}],"twitter_card":"summary_large_image","twitter_misc":{"Tahmini okuma s\u00fcresi":"1 dakika"},"schema":{"@context":"https:\/\/schema.org","@graph":[{"@type":"WebPage","@id":"https:\/\/airobazar.com\/product\/stainless-steel-serving-tray-with-chrome-finishtray-for-home-kitchen-table-service-50-cm\/","url":"https:\/\/airobazar.com\/product\/stainless-steel-serving-tray-with-chrome-finishtray-for-home-kitchen-table-service-50-cm\/","name":"Paslanmaz \u00c7elik Servis Tepsisi, L\u00fcks Kromaj Kaplama Tepsi, Kahvalt\u0131 ve Sofra Tepsisi(50 cm) - AiroBazar","isPartOf":{"@id":"https:\/\/airobazar.com\/#website"},"primaryImageOfPage":{"@id":"https:\/\/airobazar.com\/product\/stainless-steel-serving-tray-with-chrome-finishtray-for-home-kitchen-table-service-50-cm\/#primaryimage"},"image":{"@id":"https:\/\/airobazar.com\/product\/stainless-steel-serving-tray-with-chrome-finishtray-for-home-kitchen-table-service-50-cm\/#primaryimage"},"thumbnailUrl":"https:\/\/airobazar.com\/wp-content\/uploads\/2026\/03\/Urun-Gorselleri-18.png","datePublished":"2026-03-04T08:45:32+00:00","dateModified":"2026-03-04T08:58:11+00:00","breadcrumb":{"@id":"https:\/\/airobazar.com\/product\/stainless-steel-serving-tray-with-chrome-finishtray-for-home-kitchen-table-service-50-cm\/#breadcrumb"},"inLanguage":"tr","potentialAction":[{"@type":"ReadAction","target":["https:\/\/airobazar.com\/product\/stainless-steel-serving-tray-with-chrome-finishtray-for-home-kitchen-table-service-50-cm\/"]}]},{"@type":"ImageObject","inLanguage":"tr","@id":"https:\/\/airobazar.com\/product\/stainless-steel-serving-tray-with-chrome-finishtray-for-home-kitchen-table-service-50-cm\/#primaryimage","url":"https:\/\/airobazar.com\/wp-content\/uploads\/2026\/03\/Urun-Gorselleri-18.png","contentUrl":"https:\/\/airobazar.com\/wp-content\/uploads\/2026\/03\/Urun-Gorselleri-18.png","width":1200,"height":1600},{"@type":"BreadcrumbList","@id":"https:\/\/airobazar.com\/product\/stainless-steel-serving-tray-with-chrome-finishtray-for-home-kitchen-table-service-50-cm\/#breadcrumb","itemListElement":[{"@type":"ListItem","position":1,"name":"Home","item":"https:\/\/airobazar.com\/tr\/"},{"@type":"ListItem","position":2,"name":"Ma\u011faza","item":"https:\/\/airobazar.com\/tr\/magaza\/"},{"@type":"ListItem","position":3,"name":"Paslanmaz \u00c7elik Servis Tepsisi, L\u00fcks Kromaj Kaplama Tepsi, Kahvalt\u0131 ve Sofra Tepsisi(50 cm)"}]},{"@type":"WebSite","@id":"https:\/\/airobazar.com\/#website","url":"https:\/\/airobazar.com\/","name":"AiroBazar","description":"online sales","potentialAction":[{"@type":"SearchAction","target":{"@type":"EntryPoint","urlTemplate":"https:\/\/airobazar.com\/?s={search_term_string}"},"query-input":{"@type":"PropertyValueSpecification","valueRequired":true,"valueName":"search_term_string"}}],"inLanguage":"tr"}]}},"_links":{"self":[{"href":"https:\/\/airobazar.com\/tr\/wp-json\/wp\/v2\/product\/10669","targetHints":{"allow":["GET"]}}],"collection":[{"href":"https:\/\/airobazar.com\/tr\/wp-json\/wp\/v2\/product"}],"about":[{"href":"https:\/\/airobazar.com\/tr\/wp-json\/wp\/v2\/types\/product"}],"replies":[{"embeddable":true,"href":"https:\/\/airobazar.com\/tr\/wp-json\/wp\/v2\/comments?post=10669"}],"version-history":[{"count":3,"href":"https:\/\/airobazar.com\/tr\/wp-json\/wp\/v2\/product\/10669\/revisions"}],"predecessor-version":[{"id":10675,"href":"https:\/\/airobazar.com\/tr\/wp-json\/wp\/v2\/product\/10669\/revisions\/10675"}],"wp:featuredmedia":[{"embeddable":true,"href":"https:\/\/airobazar.com\/tr\/wp-json\/wp\/v2\/media\/10663"}],"wp:attachment":[{"href":"https:\/\/airobazar.com\/tr\/wp-json\/wp\/v2\/media?parent=10669"}],"wp:term":[{"taxonomy":"product_brand","embeddable":true,"href":"https:\/\/airobazar.com\/tr\/wp-json\/wp\/v2\/product_brand?post=10669"},{"taxonomy":"product_cat","embeddable":true,"href":"https:\/\/airobazar.com\/tr\/wp-json\/wp\/v2\/product_cat?post=10669"},{"taxonomy":"product_tag","embeddable":true,"href":"https:\/\/airobazar.com\/tr\/wp-json\/wp\/v2\/product_tag?post=10669"}],"curies":[{"name":"wp","href":"https:\/\/api.w.org\/{rel}","templated":true}]}}