{"id":10607,"date":"2026-02-20T11:49:49","date_gmt":"2026-02-20T11:49:49","guid":{"rendered":"https:\/\/airobazar.com\/?post_type=product&#038;p=10607"},"modified":"2026-02-20T12:18:06","modified_gmt":"2026-02-20T12:18:06","slug":"anatolion-turk-kahvesi-orta-kavrulmus-geleneksel-ince-ogutum-zengin-ve-otantik-lezzet-3x500-g","status":"publish","type":"product","link":"https:\/\/airobazar.com\/tr\/urun\/anatolion-turk-kahvesi-orta-kavrulmus-geleneksel-ince-ogutum-zengin-ve-otantik-lezzet-3x500-g\/","title":{"rendered":"Anatolian T\u00fcrk Kahvesi Orta Kavrulmu\u015f, Geleneksel \u0130nce \u00d6\u011f\u00fct\u00fcm, Zengin ve Otantik Lezzet 3\u00d7500 g"},"content":{"rendered":"<h2>Anatolion T\u00fcrk Kahvesi Orta Kavrulmu\u015f, Geleneksel \u0130nce \u00d6\u011f\u00fct\u00fcm, Zengin ve Otantik Lezzet 3\u00d7500 g<\/h2>\n<p>Anatolion T\u00fcrk Kahvesi Orta Kavrulmu\u015f ile geleneksel T\u00fcrk kahvesinin otantik lezzetini ke\u015ffedin. \u00d6zenle se\u00e7ilmi\u015f kahve \u00e7ekirdekleri dengeli bir orta kavurma seviyesinde kavrulur ve geleneksel T\u00fcrk kahvesi inceli\u011finde \u00f6\u011f\u00fct\u00fcl\u00fcr. Her fincanda g\u00fc\u00e7l\u00fc aroma ve dolgun, yumu\u015fak bir i\u00e7im sunar.<\/p>\n<p>3 \u00d7 500 g avantajl\u0131 paket; s\u0131k kahve t\u00fcketenler, aileler, ofisler ve toplu kullan\u0131m i\u00e7in idealdir. Uzun s\u00fcreli tazelik ve \u00fcst\u00fcn lezzet sa\u011flar.<\/p>\n<p>\u2714 Geleneksel Ekstra \u0130nce \u00d6\u011f\u00fct\u00fcm<\/p>\n<p>T\u00fcrk kahvesi i\u00e7in gerekli olan ultra ince yap\u0131da \u00f6\u011f\u00fct\u00fclm\u00fc\u015ft\u00fcr. Cezvede (ibrik) pi\u015firme i\u00e7in uygundur; yo\u011fun k\u0131vam ve bol k\u00f6p\u00fck olu\u015fturur.<\/p>\n<p>\u2714 Dengeli Orta Kavurma<\/p>\n<p>Kahvenin do\u011fal ya\u011flar\u0131n\u0131 ve aromas\u0131n\u0131 koruyan \u00f6zel kavurma profili sayesinde yumu\u015fak ama g\u00fc\u00e7l\u00fc bir tat sunar.<\/p>\n<p>\u2714 Zengin ve Yo\u011fun Aroma<\/p>\n<p>Kadifemsi dokusu ve g\u00fc\u00e7l\u00fc aromas\u0131 ile g\u00fcnl\u00fck t\u00fcketim ve misafir ikramlar\u0131 i\u00e7in idealdir.<\/p>\n<p>\u2714 B\u00fcy\u00fck ve Tazeli\u011fi Koruyan Paket<\/p>\n<p>\u00dc\u00e7 ayr\u0131 500 g\u2019l\u0131k paket, kahvenin tazeli\u011fini ve aromas\u0131n\u0131 uzun s\u00fcre muhafaza etmeye yard\u0131mc\u0131 olur.<\/p>\n","protected":false},"excerpt":{"rendered":"<p>Anatolian T\u00fcrk Kahvesi Orta Kavrulmu\u015f, Geleneksel \u0130nce \u00d6\u011f\u00fct\u00fcm, Zengin ve Otantik Lezzet 3\u00d7500 g<\/p>\n","protected":false},"featured_media":10608,"comment_status":"open","ping_status":"closed","template":"","meta":[],"product_brand":[],"product_cat":[211],"product_tag":[],"class_list":{"0":"post-10607","1":"product","2":"type-product","3":"status-publish","4":"has-post-thumbnail","6":"product_cat-kahve-cesitleri","8":"first","9":"instock","10":"sale","11":"taxable","12":"shipping-taxable","13":"purchasable","14":"product-type-simple"},"yoast_head":"<!-- This site is optimized with the Yoast SEO plugin v27.4 - https:\/\/yoast.com\/product\/yoast-seo-wordpress\/ -->\n<title>Anatolian T\u00fcrk Kahvesi Orta Kavrulmu\u015f, Geleneksel \u0130nce \u00d6\u011f\u00fct\u00fcm, Zengin ve Otantik Lezzet 3\u00d7500 g - AiroBazar<\/title>\n<meta name=\"robots\" content=\"index, follow, max-snippet:-1, max-image-preview:large, max-video-preview:-1\" \/>\n<link rel=\"canonical\" href=\"https:\/\/airobazar.com\/tr\/urun\/anatolion-turk-kahvesi-orta-kavrulmus-geleneksel-ince-ogutum-zengin-ve-otantik-lezzet-3x500-g\/\" \/>\n<meta property=\"og:locale\" content=\"tr_TR\" \/>\n<meta property=\"og:type\" content=\"article\" \/>\n<meta property=\"og:title\" content=\"Anatolian T\u00fcrk Kahvesi Orta Kavrulmu\u015f, Geleneksel \u0130nce \u00d6\u011f\u00fct\u00fcm, Zengin ve Otantik Lezzet 3\u00d7500 g - AiroBazar\" \/>\n<meta property=\"og:description\" content=\"Anatolian T\u00fcrk Kahvesi Orta Kavrulmu\u015f, Geleneksel \u0130nce \u00d6\u011f\u00fct\u00fcm, Zengin ve Otantik Lezzet 3\u00d7500 g\" \/>\n<meta property=\"og:url\" content=\"https:\/\/airobazar.com\/tr\/urun\/anatolion-turk-kahvesi-orta-kavrulmus-geleneksel-ince-ogutum-zengin-ve-otantik-lezzet-3x500-g\/\" \/>\n<meta property=\"og:site_name\" content=\"AiroBazar\" \/>\n<meta property=\"article:modified_time\" content=\"2026-02-20T12:18:06+00:00\" \/>\n<meta property=\"og:image\" content=\"https:\/\/airobazar.com\/wp-content\/uploads\/2026\/02\/500gram.jpg\" \/>\n\t<meta property=\"og:image:width\" content=\"1200\" \/>\n\t<meta property=\"og:image:height\" content=\"1600\" \/>\n\t<meta property=\"og:image:type\" content=\"image\/jpeg\" \/>\n<meta name=\"twitter:card\" content=\"summary_large_image\" \/>\n<meta name=\"twitter:label1\" content=\"Tahmini okuma s\u00fcresi\" \/>\n\t<meta name=\"twitter:data1\" content=\"1 dakika\" \/>\n<script type=\"application\/ld+json\" class=\"yoast-schema-graph\">{\"@context\":\"https:\\\/\\\/schema.org\",\"@graph\":[{\"@type\":\"WebPage\",\"@id\":\"https:\\\/\\\/airobazar.com\\\/tr\\\/urun\\\/anatolion-turk-kahvesi-orta-kavrulmus-geleneksel-ince-ogutum-zengin-ve-otantik-lezzet-3x500-g\\\/\",\"url\":\"https:\\\/\\\/airobazar.com\\\/tr\\\/urun\\\/anatolion-turk-kahvesi-orta-kavrulmus-geleneksel-ince-ogutum-zengin-ve-otantik-lezzet-3x500-g\\\/\",\"name\":\"Anatolian T\u00fcrk Kahvesi Orta Kavrulmu\u015f, Geleneksel \u0130nce \u00d6\u011f\u00fct\u00fcm, Zengin ve Otantik Lezzet 3\u00d7500 g - AiroBazar\",\"isPartOf\":{\"@id\":\"https:\\\/\\\/airobazar.com\\\/#website\"},\"primaryImageOfPage\":{\"@id\":\"https:\\\/\\\/airobazar.com\\\/tr\\\/urun\\\/anatolion-turk-kahvesi-orta-kavrulmus-geleneksel-ince-ogutum-zengin-ve-otantik-lezzet-3x500-g\\\/#primaryimage\"},\"image\":{\"@id\":\"https:\\\/\\\/airobazar.com\\\/tr\\\/urun\\\/anatolion-turk-kahvesi-orta-kavrulmus-geleneksel-ince-ogutum-zengin-ve-otantik-lezzet-3x500-g\\\/#primaryimage\"},\"thumbnailUrl\":\"https:\\\/\\\/airobazar.com\\\/wp-content\\\/uploads\\\/2026\\\/02\\\/500gram.jpg\",\"datePublished\":\"2026-02-20T11:49:49+00:00\",\"dateModified\":\"2026-02-20T12:18:06+00:00\",\"breadcrumb\":{\"@id\":\"https:\\\/\\\/airobazar.com\\\/tr\\\/urun\\\/anatolion-turk-kahvesi-orta-kavrulmus-geleneksel-ince-ogutum-zengin-ve-otantik-lezzet-3x500-g\\\/#breadcrumb\"},\"inLanguage\":\"tr\",\"potentialAction\":[{\"@type\":\"ReadAction\",\"target\":[\"https:\\\/\\\/airobazar.com\\\/tr\\\/urun\\\/anatolion-turk-kahvesi-orta-kavrulmus-geleneksel-ince-ogutum-zengin-ve-otantik-lezzet-3x500-g\\\/\"]}]},{\"@type\":\"ImageObject\",\"inLanguage\":\"tr\",\"@id\":\"https:\\\/\\\/airobazar.com\\\/tr\\\/urun\\\/anatolion-turk-kahvesi-orta-kavrulmus-geleneksel-ince-ogutum-zengin-ve-otantik-lezzet-3x500-g\\\/#primaryimage\",\"url\":\"https:\\\/\\\/airobazar.com\\\/wp-content\\\/uploads\\\/2026\\\/02\\\/500gram.jpg\",\"contentUrl\":\"https:\\\/\\\/airobazar.com\\\/wp-content\\\/uploads\\\/2026\\\/02\\\/500gram.jpg\",\"width\":1200,\"height\":1600,\"caption\":\"Anatolion T\u00fcrk Kahvesi Orta Kavrulmu\u015f, Geleneksel \u0130nce \u00d6\u011f\u00fct\u00fcm, Zengin ve Otantik Lezzet 3\u00d7500 g\"},{\"@type\":\"BreadcrumbList\",\"@id\":\"https:\\\/\\\/airobazar.com\\\/tr\\\/urun\\\/anatolion-turk-kahvesi-orta-kavrulmus-geleneksel-ince-ogutum-zengin-ve-otantik-lezzet-3x500-g\\\/#breadcrumb\",\"itemListElement\":[{\"@type\":\"ListItem\",\"position\":1,\"name\":\"Home\",\"item\":\"https:\\\/\\\/airobazar.com\\\/tr\\\/\"},{\"@type\":\"ListItem\",\"position\":2,\"name\":\"Ma\u011faza\",\"item\":\"https:\\\/\\\/airobazar.com\\\/tr\\\/magaza\\\/\"},{\"@type\":\"ListItem\",\"position\":3,\"name\":\"Anatolian T\u00fcrk Kahvesi Orta Kavrulmu\u015f, Geleneksel \u0130nce \u00d6\u011f\u00fct\u00fcm, Zengin ve Otantik Lezzet 3\u00d7500 g\"}]},{\"@type\":\"WebSite\",\"@id\":\"https:\\\/\\\/airobazar.com\\\/#website\",\"url\":\"https:\\\/\\\/airobazar.com\\\/\",\"name\":\"AiroBazar\",\"description\":\"online sales\",\"potentialAction\":[{\"@type\":\"SearchAction\",\"target\":{\"@type\":\"EntryPoint\",\"urlTemplate\":\"https:\\\/\\\/airobazar.com\\\/?s={search_term_string}\"},\"query-input\":{\"@type\":\"PropertyValueSpecification\",\"valueRequired\":true,\"valueName\":\"search_term_string\"}}],\"inLanguage\":\"tr\"}]}<\/script>\n<!-- \/ Yoast SEO plugin. -->","yoast_head_json":{"title":"Anatolian T\u00fcrk Kahvesi Orta Kavrulmu\u015f, Geleneksel \u0130nce \u00d6\u011f\u00fct\u00fcm, Zengin ve Otantik Lezzet 3\u00d7500 g - AiroBazar","robots":{"index":"index","follow":"follow","max-snippet":"max-snippet:-1","max-image-preview":"max-image-preview:large","max-video-preview":"max-video-preview:-1"},"canonical":"https:\/\/airobazar.com\/tr\/urun\/anatolion-turk-kahvesi-orta-kavrulmus-geleneksel-ince-ogutum-zengin-ve-otantik-lezzet-3x500-g\/","og_locale":"tr_TR","og_type":"article","og_title":"Anatolian T\u00fcrk Kahvesi Orta Kavrulmu\u015f, Geleneksel \u0130nce \u00d6\u011f\u00fct\u00fcm, Zengin ve Otantik Lezzet 3\u00d7500 g - AiroBazar","og_description":"Anatolian T\u00fcrk Kahvesi Orta Kavrulmu\u015f, Geleneksel \u0130nce \u00d6\u011f\u00fct\u00fcm, Zengin ve Otantik Lezzet 3\u00d7500 g","og_url":"https:\/\/airobazar.com\/tr\/urun\/anatolion-turk-kahvesi-orta-kavrulmus-geleneksel-ince-ogutum-zengin-ve-otantik-lezzet-3x500-g\/","og_site_name":"AiroBazar","article_modified_time":"2026-02-20T12:18:06+00:00","og_image":[{"width":1200,"height":1600,"url":"https:\/\/airobazar.com\/wp-content\/uploads\/2026\/02\/500gram.jpg","type":"image\/jpeg"}],"twitter_card":"summary_large_image","twitter_misc":{"Tahmini okuma s\u00fcresi":"1 dakika"},"schema":{"@context":"https:\/\/schema.org","@graph":[{"@type":"WebPage","@id":"https:\/\/airobazar.com\/tr\/urun\/anatolion-turk-kahvesi-orta-kavrulmus-geleneksel-ince-ogutum-zengin-ve-otantik-lezzet-3x500-g\/","url":"https:\/\/airobazar.com\/tr\/urun\/anatolion-turk-kahvesi-orta-kavrulmus-geleneksel-ince-ogutum-zengin-ve-otantik-lezzet-3x500-g\/","name":"Anatolian T\u00fcrk Kahvesi Orta Kavrulmu\u015f, Geleneksel \u0130nce \u00d6\u011f\u00fct\u00fcm, Zengin ve Otantik Lezzet 3\u00d7500 g - AiroBazar","isPartOf":{"@id":"https:\/\/airobazar.com\/#website"},"primaryImageOfPage":{"@id":"https:\/\/airobazar.com\/tr\/urun\/anatolion-turk-kahvesi-orta-kavrulmus-geleneksel-ince-ogutum-zengin-ve-otantik-lezzet-3x500-g\/#primaryimage"},"image":{"@id":"https:\/\/airobazar.com\/tr\/urun\/anatolion-turk-kahvesi-orta-kavrulmus-geleneksel-ince-ogutum-zengin-ve-otantik-lezzet-3x500-g\/#primaryimage"},"thumbnailUrl":"https:\/\/airobazar.com\/wp-content\/uploads\/2026\/02\/500gram.jpg","datePublished":"2026-02-20T11:49:49+00:00","dateModified":"2026-02-20T12:18:06+00:00","breadcrumb":{"@id":"https:\/\/airobazar.com\/tr\/urun\/anatolion-turk-kahvesi-orta-kavrulmus-geleneksel-ince-ogutum-zengin-ve-otantik-lezzet-3x500-g\/#breadcrumb"},"inLanguage":"tr","potentialAction":[{"@type":"ReadAction","target":["https:\/\/airobazar.com\/tr\/urun\/anatolion-turk-kahvesi-orta-kavrulmus-geleneksel-ince-ogutum-zengin-ve-otantik-lezzet-3x500-g\/"]}]},{"@type":"ImageObject","inLanguage":"tr","@id":"https:\/\/airobazar.com\/tr\/urun\/anatolion-turk-kahvesi-orta-kavrulmus-geleneksel-ince-ogutum-zengin-ve-otantik-lezzet-3x500-g\/#primaryimage","url":"https:\/\/airobazar.com\/wp-content\/uploads\/2026\/02\/500gram.jpg","contentUrl":"https:\/\/airobazar.com\/wp-content\/uploads\/2026\/02\/500gram.jpg","width":1200,"height":1600,"caption":"Anatolion T\u00fcrk Kahvesi Orta Kavrulmu\u015f, Geleneksel \u0130nce \u00d6\u011f\u00fct\u00fcm, Zengin ve Otantik Lezzet 3\u00d7500 g"},{"@type":"BreadcrumbList","@id":"https:\/\/airobazar.com\/tr\/urun\/anatolion-turk-kahvesi-orta-kavrulmus-geleneksel-ince-ogutum-zengin-ve-otantik-lezzet-3x500-g\/#breadcrumb","itemListElement":[{"@type":"ListItem","position":1,"name":"Home","item":"https:\/\/airobazar.com\/tr\/"},{"@type":"ListItem","position":2,"name":"Ma\u011faza","item":"https:\/\/airobazar.com\/tr\/magaza\/"},{"@type":"ListItem","position":3,"name":"Anatolian T\u00fcrk Kahvesi Orta Kavrulmu\u015f, Geleneksel \u0130nce \u00d6\u011f\u00fct\u00fcm, Zengin ve Otantik Lezzet 3\u00d7500 g"}]},{"@type":"WebSite","@id":"https:\/\/airobazar.com\/#website","url":"https:\/\/airobazar.com\/","name":"AiroBazar","description":"online sales","potentialAction":[{"@type":"SearchAction","target":{"@type":"EntryPoint","urlTemplate":"https:\/\/airobazar.com\/?s={search_term_string}"},"query-input":{"@type":"PropertyValueSpecification","valueRequired":true,"valueName":"search_term_string"}}],"inLanguage":"tr"}]}},"_links":{"self":[{"href":"https:\/\/airobazar.com\/tr\/wp-json\/wp\/v2\/product\/10607","targetHints":{"allow":["GET"]}}],"collection":[{"href":"https:\/\/airobazar.com\/tr\/wp-json\/wp\/v2\/product"}],"about":[{"href":"https:\/\/airobazar.com\/tr\/wp-json\/wp\/v2\/types\/product"}],"replies":[{"embeddable":true,"href":"https:\/\/airobazar.com\/tr\/wp-json\/wp\/v2\/comments?post=10607"}],"version-history":[{"count":3,"href":"https:\/\/airobazar.com\/tr\/wp-json\/wp\/v2\/product\/10607\/revisions"}],"predecessor-version":[{"id":10619,"href":"https:\/\/airobazar.com\/tr\/wp-json\/wp\/v2\/product\/10607\/revisions\/10619"}],"wp:featuredmedia":[{"embeddable":true,"href":"https:\/\/airobazar.com\/tr\/wp-json\/wp\/v2\/media\/10608"}],"wp:attachment":[{"href":"https:\/\/airobazar.com\/tr\/wp-json\/wp\/v2\/media?parent=10607"}],"wp:term":[{"taxonomy":"product_brand","embeddable":true,"href":"https:\/\/airobazar.com\/tr\/wp-json\/wp\/v2\/product_brand?post=10607"},{"taxonomy":"product_cat","embeddable":true,"href":"https:\/\/airobazar.com\/tr\/wp-json\/wp\/v2\/product_cat?post=10607"},{"taxonomy":"product_tag","embeddable":true,"href":"https:\/\/airobazar.com\/tr\/wp-json\/wp\/v2\/product_tag?post=10607"}],"curies":[{"name":"wp","href":"https:\/\/api.w.org\/{rel}","templated":true}]}}