{"id":10487,"date":"2026-02-13T10:08:58","date_gmt":"2026-02-13T10:08:58","guid":{"rendered":"https:\/\/airobazar.com\/?post_type=product&#038;p=10487"},"modified":"2026-02-20T07:18:16","modified_gmt":"2026-02-20T07:18:16","slug":"american-monarch-tam-kavrulmus-filtre-kahve-seti-bakir-cezve-hediyeli-3x250g","status":"publish","type":"product","link":"https:\/\/airobazar.com\/tr\/urun\/american-monarch-tam-kavrulmus-filtre-kahve-seti-bakir-cezve-hediyeli-3x250g\/","title":{"rendered":"American Monarch Tam Kavrulmu\u015f Filtre Kahve Seti, French Press Hediyeli 3x250g"},"content":{"rendered":"<p>American Monarch Tam Kavrulmu\u015f Filtre Kahve Seti, <span class=\"a_GcMg font-feature-liga-off font-feature-clig-off font-feature-calt-off text-decoration-none text-strikethrough-none\">French Press<\/span> Hediyeli 3x250g<\/p>\n<p>Zengin, yo\u011fun ve g\u00fc\u00e7l\u00fc aromas\u0131yla kahve tutkunlar\u0131 i\u00e7in \u00f6zel olarak haz\u0131rlanan KolombiyaTam Kavrulmu\u015f Kahve \u00c7ekirdekleri 3x250g Premium Seti ile benzersiz bir kahve deneyimi ya\u015fay\u0131n. Dolgun g\u00f6vdeli ve karakterli i\u00e7im sevenler i\u00e7in idealdir.<\/p>\n<p>Bu \u00f6zel kampanya \u015funlar\u0131 i\u00e7erir:<\/p>\n<p>\u2714 3 x 250g Premium Kolombiya Tam Kavrulmu\u015f Kahve \u00c7ekirde\u011fi<br \/>\n\u2714 Filtre kahve demleme i\u00e7in ideal<br \/>\n\u2714 \u00dccretsiz Geleneksel <span class=\"a_GcMg font-feature-liga-off font-feature-clig-off font-feature-calt-off text-decoration-none text-strikethrough-none\">French Press<\/span><\/p>\n<p>Tam kavurma profili; yo\u011fun ve hafif isli notalar\u0131 \u00f6ne \u00e7\u0131kar\u0131rken d\u00fc\u015f\u00fck asidite ve p\u00fcr\u00fczs\u00fcz, g\u00fc\u00e7l\u00fc bir biti\u015f sunar. \u00d6zenle se\u00e7ilen bu premium \u00e7ekirdekler, tazelik, aroma ve maksimum lezzet korunacak \u015fekilde kavrulmu\u015ftur.<\/p>\n<p>Evde taze \u00f6\u011f\u00fct\u00fcp filtre kahve demlemek i\u00e7in m\u00fckemmel bir se\u00e7imdir. G\u00fcnl\u00fck kahve t\u00fcketimi i\u00e7in ideal oldu\u011fu gibi kahve severler i\u00e7in \u015f\u0131k bir hediye alternatifi olarak da tercih edilebilir.<\/p>\n<p>Premium Kolombiya Tam Kavrulmu\u015f kahve \u00e7ekirdeklerini \u00f6zel hediyesiyle birlikte \u015fimdi deneyimleyin.<\/p>\n","protected":false},"excerpt":{"rendered":"<p>American Monarch Tam Kavrulmu\u015f Filtre Kahve Seti, <span class=\"a_GcMg font-feature-liga-off font-feature-clig-off font-feature-calt-off text-decoration-none text-strikethrough-none\">French Press<\/span> Hediyeli 3x250g<\/p>\n","protected":false},"featured_media":10556,"comment_status":"open","ping_status":"closed","template":"","meta":[],"product_brand":[],"product_cat":[211],"product_tag":[],"class_list":{"0":"post-10487","1":"product","2":"type-product","3":"status-publish","4":"has-post-thumbnail","6":"product_cat-kahve-cesitleri","8":"first","9":"instock","10":"sale","11":"taxable","12":"shipping-taxable","13":"purchasable","14":"product-type-simple"},"yoast_head":"<!-- This site is optimized with the Yoast SEO plugin v27.4 - https:\/\/yoast.com\/product\/yoast-seo-wordpress\/ -->\n<title>American Monarch Tam Kavrulmu\u015f Filtre Kahve Seti, French Press Hediyeli 3x250g - AiroBazar<\/title>\n<meta name=\"robots\" content=\"index, follow, max-snippet:-1, max-image-preview:large, max-video-preview:-1\" \/>\n<link rel=\"canonical\" href=\"https:\/\/airobazar.com\/tr\/urun\/american-monarch-tam-kavrulmus-filtre-kahve-seti-bakir-cezve-hediyeli-3x250g\/\" \/>\n<meta property=\"og:locale\" content=\"tr_TR\" \/>\n<meta property=\"og:type\" content=\"article\" \/>\n<meta property=\"og:title\" content=\"American Monarch Tam Kavrulmu\u015f Filtre Kahve Seti, French Press Hediyeli 3x250g - AiroBazar\" \/>\n<meta property=\"og:description\" content=\"American Monarch Tam Kavrulmu\u015f Filtre Kahve Seti, French Press Hediyeli 3x250g\" \/>\n<meta property=\"og:url\" content=\"https:\/\/airobazar.com\/tr\/urun\/american-monarch-tam-kavrulmus-filtre-kahve-seti-bakir-cezve-hediyeli-3x250g\/\" \/>\n<meta property=\"og:site_name\" content=\"AiroBazar\" \/>\n<meta property=\"article:modified_time\" content=\"2026-02-20T07:18:16+00:00\" \/>\n<meta property=\"og:image\" content=\"https:\/\/airobazar.com\/wp-content\/uploads\/2026\/02\/french-press-hediyeli-4.jpg\" \/>\n\t<meta property=\"og:image:width\" content=\"1080\" \/>\n\t<meta property=\"og:image:height\" content=\"1350\" \/>\n\t<meta property=\"og:image:type\" content=\"image\/jpeg\" \/>\n<meta name=\"twitter:card\" content=\"summary_large_image\" \/>\n<meta name=\"twitter:label1\" content=\"Tahmini okuma s\u00fcresi\" \/>\n\t<meta name=\"twitter:data1\" content=\"1 dakika\" \/>\n<script type=\"application\/ld+json\" class=\"yoast-schema-graph\">{\"@context\":\"https:\\\/\\\/schema.org\",\"@graph\":[{\"@type\":\"WebPage\",\"@id\":\"https:\\\/\\\/airobazar.com\\\/tr\\\/urun\\\/american-monarch-tam-kavrulmus-filtre-kahve-seti-bakir-cezve-hediyeli-3x250g\\\/\",\"url\":\"https:\\\/\\\/airobazar.com\\\/tr\\\/urun\\\/american-monarch-tam-kavrulmus-filtre-kahve-seti-bakir-cezve-hediyeli-3x250g\\\/\",\"name\":\"American Monarch Tam Kavrulmu\u015f Filtre Kahve Seti, French Press Hediyeli 3x250g - AiroBazar\",\"isPartOf\":{\"@id\":\"https:\\\/\\\/airobazar.com\\\/#website\"},\"primaryImageOfPage\":{\"@id\":\"https:\\\/\\\/airobazar.com\\\/tr\\\/urun\\\/american-monarch-tam-kavrulmus-filtre-kahve-seti-bakir-cezve-hediyeli-3x250g\\\/#primaryimage\"},\"image\":{\"@id\":\"https:\\\/\\\/airobazar.com\\\/tr\\\/urun\\\/american-monarch-tam-kavrulmus-filtre-kahve-seti-bakir-cezve-hediyeli-3x250g\\\/#primaryimage\"},\"thumbnailUrl\":\"https:\\\/\\\/airobazar.com\\\/wp-content\\\/uploads\\\/2026\\\/02\\\/french-press-hediyeli-4.jpg\",\"datePublished\":\"2026-02-13T10:08:58+00:00\",\"dateModified\":\"2026-02-20T07:18:16+00:00\",\"breadcrumb\":{\"@id\":\"https:\\\/\\\/airobazar.com\\\/tr\\\/urun\\\/american-monarch-tam-kavrulmus-filtre-kahve-seti-bakir-cezve-hediyeli-3x250g\\\/#breadcrumb\"},\"inLanguage\":\"tr\",\"potentialAction\":[{\"@type\":\"ReadAction\",\"target\":[\"https:\\\/\\\/airobazar.com\\\/tr\\\/urun\\\/american-monarch-tam-kavrulmus-filtre-kahve-seti-bakir-cezve-hediyeli-3x250g\\\/\"]}]},{\"@type\":\"ImageObject\",\"inLanguage\":\"tr\",\"@id\":\"https:\\\/\\\/airobazar.com\\\/tr\\\/urun\\\/american-monarch-tam-kavrulmus-filtre-kahve-seti-bakir-cezve-hediyeli-3x250g\\\/#primaryimage\",\"url\":\"https:\\\/\\\/airobazar.com\\\/wp-content\\\/uploads\\\/2026\\\/02\\\/french-press-hediyeli-4.jpg\",\"contentUrl\":\"https:\\\/\\\/airobazar.com\\\/wp-content\\\/uploads\\\/2026\\\/02\\\/french-press-hediyeli-4.jpg\",\"width\":1080,\"height\":1350},{\"@type\":\"BreadcrumbList\",\"@id\":\"https:\\\/\\\/airobazar.com\\\/tr\\\/urun\\\/american-monarch-tam-kavrulmus-filtre-kahve-seti-bakir-cezve-hediyeli-3x250g\\\/#breadcrumb\",\"itemListElement\":[{\"@type\":\"ListItem\",\"position\":1,\"name\":\"Home\",\"item\":\"https:\\\/\\\/airobazar.com\\\/tr\\\/\"},{\"@type\":\"ListItem\",\"position\":2,\"name\":\"Ma\u011faza\",\"item\":\"https:\\\/\\\/airobazar.com\\\/tr\\\/magaza\\\/\"},{\"@type\":\"ListItem\",\"position\":3,\"name\":\"American Monarch Tam Kavrulmu\u015f Filtre Kahve Seti, French Press Hediyeli 3x250g\"}]},{\"@type\":\"WebSite\",\"@id\":\"https:\\\/\\\/airobazar.com\\\/#website\",\"url\":\"https:\\\/\\\/airobazar.com\\\/\",\"name\":\"AiroBazar\",\"description\":\"online sales\",\"potentialAction\":[{\"@type\":\"SearchAction\",\"target\":{\"@type\":\"EntryPoint\",\"urlTemplate\":\"https:\\\/\\\/airobazar.com\\\/?s={search_term_string}\"},\"query-input\":{\"@type\":\"PropertyValueSpecification\",\"valueRequired\":true,\"valueName\":\"search_term_string\"}}],\"inLanguage\":\"tr\"}]}<\/script>\n<!-- \/ Yoast SEO plugin. -->","yoast_head_json":{"title":"American Monarch Tam Kavrulmu\u015f Filtre Kahve Seti, French Press Hediyeli 3x250g - AiroBazar","robots":{"index":"index","follow":"follow","max-snippet":"max-snippet:-1","max-image-preview":"max-image-preview:large","max-video-preview":"max-video-preview:-1"},"canonical":"https:\/\/airobazar.com\/tr\/urun\/american-monarch-tam-kavrulmus-filtre-kahve-seti-bakir-cezve-hediyeli-3x250g\/","og_locale":"tr_TR","og_type":"article","og_title":"American Monarch Tam Kavrulmu\u015f Filtre Kahve Seti, French Press Hediyeli 3x250g - AiroBazar","og_description":"American Monarch Tam Kavrulmu\u015f Filtre Kahve Seti, French Press Hediyeli 3x250g","og_url":"https:\/\/airobazar.com\/tr\/urun\/american-monarch-tam-kavrulmus-filtre-kahve-seti-bakir-cezve-hediyeli-3x250g\/","og_site_name":"AiroBazar","article_modified_time":"2026-02-20T07:18:16+00:00","og_image":[{"width":1080,"height":1350,"url":"https:\/\/airobazar.com\/wp-content\/uploads\/2026\/02\/french-press-hediyeli-4.jpg","type":"image\/jpeg"}],"twitter_card":"summary_large_image","twitter_misc":{"Tahmini okuma s\u00fcresi":"1 dakika"},"schema":{"@context":"https:\/\/schema.org","@graph":[{"@type":"WebPage","@id":"https:\/\/airobazar.com\/tr\/urun\/american-monarch-tam-kavrulmus-filtre-kahve-seti-bakir-cezve-hediyeli-3x250g\/","url":"https:\/\/airobazar.com\/tr\/urun\/american-monarch-tam-kavrulmus-filtre-kahve-seti-bakir-cezve-hediyeli-3x250g\/","name":"American Monarch Tam Kavrulmu\u015f Filtre Kahve Seti, French Press Hediyeli 3x250g - AiroBazar","isPartOf":{"@id":"https:\/\/airobazar.com\/#website"},"primaryImageOfPage":{"@id":"https:\/\/airobazar.com\/tr\/urun\/american-monarch-tam-kavrulmus-filtre-kahve-seti-bakir-cezve-hediyeli-3x250g\/#primaryimage"},"image":{"@id":"https:\/\/airobazar.com\/tr\/urun\/american-monarch-tam-kavrulmus-filtre-kahve-seti-bakir-cezve-hediyeli-3x250g\/#primaryimage"},"thumbnailUrl":"https:\/\/airobazar.com\/wp-content\/uploads\/2026\/02\/french-press-hediyeli-4.jpg","datePublished":"2026-02-13T10:08:58+00:00","dateModified":"2026-02-20T07:18:16+00:00","breadcrumb":{"@id":"https:\/\/airobazar.com\/tr\/urun\/american-monarch-tam-kavrulmus-filtre-kahve-seti-bakir-cezve-hediyeli-3x250g\/#breadcrumb"},"inLanguage":"tr","potentialAction":[{"@type":"ReadAction","target":["https:\/\/airobazar.com\/tr\/urun\/american-monarch-tam-kavrulmus-filtre-kahve-seti-bakir-cezve-hediyeli-3x250g\/"]}]},{"@type":"ImageObject","inLanguage":"tr","@id":"https:\/\/airobazar.com\/tr\/urun\/american-monarch-tam-kavrulmus-filtre-kahve-seti-bakir-cezve-hediyeli-3x250g\/#primaryimage","url":"https:\/\/airobazar.com\/wp-content\/uploads\/2026\/02\/french-press-hediyeli-4.jpg","contentUrl":"https:\/\/airobazar.com\/wp-content\/uploads\/2026\/02\/french-press-hediyeli-4.jpg","width":1080,"height":1350},{"@type":"BreadcrumbList","@id":"https:\/\/airobazar.com\/tr\/urun\/american-monarch-tam-kavrulmus-filtre-kahve-seti-bakir-cezve-hediyeli-3x250g\/#breadcrumb","itemListElement":[{"@type":"ListItem","position":1,"name":"Home","item":"https:\/\/airobazar.com\/tr\/"},{"@type":"ListItem","position":2,"name":"Ma\u011faza","item":"https:\/\/airobazar.com\/tr\/magaza\/"},{"@type":"ListItem","position":3,"name":"American Monarch Tam Kavrulmu\u015f Filtre Kahve Seti, French Press Hediyeli 3x250g"}]},{"@type":"WebSite","@id":"https:\/\/airobazar.com\/#website","url":"https:\/\/airobazar.com\/","name":"AiroBazar","description":"online sales","potentialAction":[{"@type":"SearchAction","target":{"@type":"EntryPoint","urlTemplate":"https:\/\/airobazar.com\/?s={search_term_string}"},"query-input":{"@type":"PropertyValueSpecification","valueRequired":true,"valueName":"search_term_string"}}],"inLanguage":"tr"}]}},"_links":{"self":[{"href":"https:\/\/airobazar.com\/tr\/wp-json\/wp\/v2\/product\/10487","targetHints":{"allow":["GET"]}}],"collection":[{"href":"https:\/\/airobazar.com\/tr\/wp-json\/wp\/v2\/product"}],"about":[{"href":"https:\/\/airobazar.com\/tr\/wp-json\/wp\/v2\/types\/product"}],"replies":[{"embeddable":true,"href":"https:\/\/airobazar.com\/tr\/wp-json\/wp\/v2\/comments?post=10487"}],"version-history":[{"count":3,"href":"https:\/\/airobazar.com\/tr\/wp-json\/wp\/v2\/product\/10487\/revisions"}],"predecessor-version":[{"id":10557,"href":"https:\/\/airobazar.com\/tr\/wp-json\/wp\/v2\/product\/10487\/revisions\/10557"}],"wp:featuredmedia":[{"embeddable":true,"href":"https:\/\/airobazar.com\/tr\/wp-json\/wp\/v2\/media\/10556"}],"wp:attachment":[{"href":"https:\/\/airobazar.com\/tr\/wp-json\/wp\/v2\/media?parent=10487"}],"wp:term":[{"taxonomy":"product_brand","embeddable":true,"href":"https:\/\/airobazar.com\/tr\/wp-json\/wp\/v2\/product_brand?post=10487"},{"taxonomy":"product_cat","embeddable":true,"href":"https:\/\/airobazar.com\/tr\/wp-json\/wp\/v2\/product_cat?post=10487"},{"taxonomy":"product_tag","embeddable":true,"href":"https:\/\/airobazar.com\/tr\/wp-json\/wp\/v2\/product_tag?post=10487"}],"curies":[{"name":"wp","href":"https:\/\/api.w.org\/{rel}","templated":true}]}}