{"id":10467,"date":"2026-02-13T09:30:17","date_gmt":"2026-02-13T09:30:17","guid":{"rendered":"https:\/\/airobazar.com\/?post_type=product&#038;p=10467"},"modified":"2026-02-20T07:12:43","modified_gmt":"2026-02-20T07:12:43","slug":"bakir-cezve-hediyeli-kolombiya-tam-kavrulmus-kahve-cekirdekleri-premium-filtre-kahve-seti-3x500g","status":"publish","type":"product","link":"https:\/\/airobazar.com\/tr\/urun\/bakir-cezve-hediyeli-kolombiya-tam-kavrulmus-kahve-cekirdekleri-premium-filtre-kahve-seti-3x500g\/","title":{"rendered":"American Monarch French Press Hediyeli Tam Kavrulmu\u015f Kahve Seti, Premium Filtre Kahve Seti 3x500g"},"content":{"rendered":"<h2><span class=\"a_GcMg font-feature-liga-off font-feature-clig-off font-feature-calt-off text-decoration-none text-strikethrough-none\">French Press<\/span> Hediyeli Kolombiya Tam Kavrulmu\u015f Kahve \u00c7ekirdekleri, Premium Filtre Kahve Seti 3x500g<\/h2>\n<p>Yo\u011fun aromas\u0131 ve g\u00fc\u00e7l\u00fc i\u00e7imiyle kahve tutkunlar\u0131 i\u00e7in \u00f6zel olarak haz\u0131rland\u0131! Kolombiya Tam Kavrulmu\u015f kahve \u00e7ekirdekleri, \u00f6zenle se\u00e7ilmi\u015f %100 premium \u00e7ekirdeklerden \u00fcretilir ve koyu kavurma profili sayesinde dolgun g\u00f6vde, d\u00fc\u015f\u00fck asidite ve zengin aroma sunar.<\/p>\n<h3>Bu \u00f6zel kampanya kapsam\u0131nda:<\/h3>\n<p>\u2714 3 x 500g Kolombiya Tam Kavrulmu\u015f Kahve \u00c7ekirde\u011fi<br \/>\n\u2714 Premium Filtre Kahve Deneyimi<br \/>\n\u2714 \u00dccretsiz <span class=\"a_GcMg font-feature-liga-off font-feature-clig-off font-feature-calt-off text-decoration-none text-strikethrough-none\">French Press<\/span> Hediyesi<\/p>\n<p>Tam kavurma profili; yo\u011fun, hafif isli notalar\u0131 bar\u0131nd\u0131ran g\u00fc\u00e7l\u00fc bir tat sunar. \u00d6zellikle filtre kahve, \u00f6\u011f\u00fct\u00fclerek demleme ve taze \u00e7ekim kahve deneyimi i\u00e7in idealdir.<\/p>\n<p>Evde profesyonel kahve keyfi ya\u015famak isteyenler i\u00e7in m\u00fckemmel bir f\u0131rsat! Stoklarla s\u0131n\u0131rl\u0131 bu kampanyay\u0131 ka\u00e7\u0131rmay\u0131n.<\/p>\n","protected":false},"excerpt":{"rendered":"<p><span class=\"a_GcMg font-feature-liga-off font-feature-clig-off font-feature-calt-off text-decoration-none text-strikethrough-none\">French Press<\/span> Hediyeli Kolombiya Tam Kavrulmu\u015f Kahve \u00c7ekirdekleri, Premium Filtre Kahve Seti 3x500g<\/p>\n","protected":false},"featured_media":10549,"comment_status":"open","ping_status":"closed","template":"","meta":[],"product_brand":[],"product_cat":[211],"product_tag":[],"class_list":{"0":"post-10467","1":"product","2":"type-product","3":"status-publish","4":"has-post-thumbnail","6":"product_cat-kahve-cesitleri","8":"first","9":"instock","10":"sale","11":"taxable","12":"shipping-taxable","13":"purchasable","14":"product-type-simple"},"yoast_head":"<!-- This site is optimized with the Yoast SEO plugin v27.4 - https:\/\/yoast.com\/product\/yoast-seo-wordpress\/ -->\n<title>American Monarch French Press Hediyeli Tam Kavrulmu\u015f Kahve Seti, Premium Filtre Kahve Seti 3x500g - AiroBazar<\/title>\n<meta name=\"robots\" content=\"index, follow, max-snippet:-1, max-image-preview:large, max-video-preview:-1\" \/>\n<link rel=\"canonical\" href=\"https:\/\/airobazar.com\/tr\/urun\/bakir-cezve-hediyeli-kolombiya-tam-kavrulmus-kahve-cekirdekleri-premium-filtre-kahve-seti-3x500g\/\" \/>\n<meta property=\"og:locale\" content=\"tr_TR\" \/>\n<meta property=\"og:type\" content=\"article\" \/>\n<meta property=\"og:title\" content=\"American Monarch French Press Hediyeli Tam Kavrulmu\u015f Kahve Seti, Premium Filtre Kahve Seti 3x500g - AiroBazar\" \/>\n<meta property=\"og:description\" content=\"French Press Hediyeli Kolombiya Tam Kavrulmu\u015f Kahve \u00c7ekirdekleri, Premium Filtre Kahve Seti 3x500g\" \/>\n<meta property=\"og:url\" content=\"https:\/\/airobazar.com\/tr\/urun\/bakir-cezve-hediyeli-kolombiya-tam-kavrulmus-kahve-cekirdekleri-premium-filtre-kahve-seti-3x500g\/\" \/>\n<meta property=\"og:site_name\" content=\"AiroBazar\" \/>\n<meta property=\"article:modified_time\" content=\"2026-02-20T07:12:43+00:00\" \/>\n<meta property=\"og:image\" content=\"https:\/\/airobazar.com\/wp-content\/uploads\/2026\/02\/french-press-hediyeli-3.jpg\" \/>\n\t<meta property=\"og:image:width\" content=\"1080\" \/>\n\t<meta property=\"og:image:height\" content=\"1350\" \/>\n\t<meta property=\"og:image:type\" content=\"image\/jpeg\" \/>\n<meta name=\"twitter:card\" content=\"summary_large_image\" \/>\n<meta name=\"twitter:label1\" content=\"Tahmini okuma s\u00fcresi\" \/>\n\t<meta name=\"twitter:data1\" content=\"1 dakika\" \/>\n<script type=\"application\/ld+json\" class=\"yoast-schema-graph\">{\"@context\":\"https:\\\/\\\/schema.org\",\"@graph\":[{\"@type\":\"WebPage\",\"@id\":\"https:\\\/\\\/airobazar.com\\\/tr\\\/urun\\\/bakir-cezve-hediyeli-kolombiya-tam-kavrulmus-kahve-cekirdekleri-premium-filtre-kahve-seti-3x500g\\\/\",\"url\":\"https:\\\/\\\/airobazar.com\\\/tr\\\/urun\\\/bakir-cezve-hediyeli-kolombiya-tam-kavrulmus-kahve-cekirdekleri-premium-filtre-kahve-seti-3x500g\\\/\",\"name\":\"American Monarch French Press Hediyeli Tam Kavrulmu\u015f Kahve Seti, Premium Filtre Kahve Seti 3x500g - AiroBazar\",\"isPartOf\":{\"@id\":\"https:\\\/\\\/airobazar.com\\\/#website\"},\"primaryImageOfPage\":{\"@id\":\"https:\\\/\\\/airobazar.com\\\/tr\\\/urun\\\/bakir-cezve-hediyeli-kolombiya-tam-kavrulmus-kahve-cekirdekleri-premium-filtre-kahve-seti-3x500g\\\/#primaryimage\"},\"image\":{\"@id\":\"https:\\\/\\\/airobazar.com\\\/tr\\\/urun\\\/bakir-cezve-hediyeli-kolombiya-tam-kavrulmus-kahve-cekirdekleri-premium-filtre-kahve-seti-3x500g\\\/#primaryimage\"},\"thumbnailUrl\":\"https:\\\/\\\/airobazar.com\\\/wp-content\\\/uploads\\\/2026\\\/02\\\/french-press-hediyeli-3.jpg\",\"datePublished\":\"2026-02-13T09:30:17+00:00\",\"dateModified\":\"2026-02-20T07:12:43+00:00\",\"breadcrumb\":{\"@id\":\"https:\\\/\\\/airobazar.com\\\/tr\\\/urun\\\/bakir-cezve-hediyeli-kolombiya-tam-kavrulmus-kahve-cekirdekleri-premium-filtre-kahve-seti-3x500g\\\/#breadcrumb\"},\"inLanguage\":\"tr\",\"potentialAction\":[{\"@type\":\"ReadAction\",\"target\":[\"https:\\\/\\\/airobazar.com\\\/tr\\\/urun\\\/bakir-cezve-hediyeli-kolombiya-tam-kavrulmus-kahve-cekirdekleri-premium-filtre-kahve-seti-3x500g\\\/\"]}]},{\"@type\":\"ImageObject\",\"inLanguage\":\"tr\",\"@id\":\"https:\\\/\\\/airobazar.com\\\/tr\\\/urun\\\/bakir-cezve-hediyeli-kolombiya-tam-kavrulmus-kahve-cekirdekleri-premium-filtre-kahve-seti-3x500g\\\/#primaryimage\",\"url\":\"https:\\\/\\\/airobazar.com\\\/wp-content\\\/uploads\\\/2026\\\/02\\\/french-press-hediyeli-3.jpg\",\"contentUrl\":\"https:\\\/\\\/airobazar.com\\\/wp-content\\\/uploads\\\/2026\\\/02\\\/french-press-hediyeli-3.jpg\",\"width\":1080,\"height\":1350},{\"@type\":\"BreadcrumbList\",\"@id\":\"https:\\\/\\\/airobazar.com\\\/tr\\\/urun\\\/bakir-cezve-hediyeli-kolombiya-tam-kavrulmus-kahve-cekirdekleri-premium-filtre-kahve-seti-3x500g\\\/#breadcrumb\",\"itemListElement\":[{\"@type\":\"ListItem\",\"position\":1,\"name\":\"Home\",\"item\":\"https:\\\/\\\/airobazar.com\\\/tr\\\/\"},{\"@type\":\"ListItem\",\"position\":2,\"name\":\"Ma\u011faza\",\"item\":\"https:\\\/\\\/airobazar.com\\\/tr\\\/magaza\\\/\"},{\"@type\":\"ListItem\",\"position\":3,\"name\":\"American Monarch French Press Hediyeli Tam Kavrulmu\u015f Kahve Seti, Premium Filtre Kahve Seti 3x500g\"}]},{\"@type\":\"WebSite\",\"@id\":\"https:\\\/\\\/airobazar.com\\\/#website\",\"url\":\"https:\\\/\\\/airobazar.com\\\/\",\"name\":\"AiroBazar\",\"description\":\"online sales\",\"potentialAction\":[{\"@type\":\"SearchAction\",\"target\":{\"@type\":\"EntryPoint\",\"urlTemplate\":\"https:\\\/\\\/airobazar.com\\\/?s={search_term_string}\"},\"query-input\":{\"@type\":\"PropertyValueSpecification\",\"valueRequired\":true,\"valueName\":\"search_term_string\"}}],\"inLanguage\":\"tr\"}]}<\/script>\n<!-- \/ Yoast SEO plugin. -->","yoast_head_json":{"title":"American Monarch French Press Hediyeli Tam Kavrulmu\u015f Kahve Seti, Premium Filtre Kahve Seti 3x500g - AiroBazar","robots":{"index":"index","follow":"follow","max-snippet":"max-snippet:-1","max-image-preview":"max-image-preview:large","max-video-preview":"max-video-preview:-1"},"canonical":"https:\/\/airobazar.com\/tr\/urun\/bakir-cezve-hediyeli-kolombiya-tam-kavrulmus-kahve-cekirdekleri-premium-filtre-kahve-seti-3x500g\/","og_locale":"tr_TR","og_type":"article","og_title":"American Monarch French Press Hediyeli Tam Kavrulmu\u015f Kahve Seti, Premium Filtre Kahve Seti 3x500g - AiroBazar","og_description":"French Press Hediyeli Kolombiya Tam Kavrulmu\u015f Kahve \u00c7ekirdekleri, Premium Filtre Kahve Seti 3x500g","og_url":"https:\/\/airobazar.com\/tr\/urun\/bakir-cezve-hediyeli-kolombiya-tam-kavrulmus-kahve-cekirdekleri-premium-filtre-kahve-seti-3x500g\/","og_site_name":"AiroBazar","article_modified_time":"2026-02-20T07:12:43+00:00","og_image":[{"width":1080,"height":1350,"url":"https:\/\/airobazar.com\/wp-content\/uploads\/2026\/02\/french-press-hediyeli-3.jpg","type":"image\/jpeg"}],"twitter_card":"summary_large_image","twitter_misc":{"Tahmini okuma s\u00fcresi":"1 dakika"},"schema":{"@context":"https:\/\/schema.org","@graph":[{"@type":"WebPage","@id":"https:\/\/airobazar.com\/tr\/urun\/bakir-cezve-hediyeli-kolombiya-tam-kavrulmus-kahve-cekirdekleri-premium-filtre-kahve-seti-3x500g\/","url":"https:\/\/airobazar.com\/tr\/urun\/bakir-cezve-hediyeli-kolombiya-tam-kavrulmus-kahve-cekirdekleri-premium-filtre-kahve-seti-3x500g\/","name":"American Monarch French Press Hediyeli Tam Kavrulmu\u015f Kahve Seti, Premium Filtre Kahve Seti 3x500g - AiroBazar","isPartOf":{"@id":"https:\/\/airobazar.com\/#website"},"primaryImageOfPage":{"@id":"https:\/\/airobazar.com\/tr\/urun\/bakir-cezve-hediyeli-kolombiya-tam-kavrulmus-kahve-cekirdekleri-premium-filtre-kahve-seti-3x500g\/#primaryimage"},"image":{"@id":"https:\/\/airobazar.com\/tr\/urun\/bakir-cezve-hediyeli-kolombiya-tam-kavrulmus-kahve-cekirdekleri-premium-filtre-kahve-seti-3x500g\/#primaryimage"},"thumbnailUrl":"https:\/\/airobazar.com\/wp-content\/uploads\/2026\/02\/french-press-hediyeli-3.jpg","datePublished":"2026-02-13T09:30:17+00:00","dateModified":"2026-02-20T07:12:43+00:00","breadcrumb":{"@id":"https:\/\/airobazar.com\/tr\/urun\/bakir-cezve-hediyeli-kolombiya-tam-kavrulmus-kahve-cekirdekleri-premium-filtre-kahve-seti-3x500g\/#breadcrumb"},"inLanguage":"tr","potentialAction":[{"@type":"ReadAction","target":["https:\/\/airobazar.com\/tr\/urun\/bakir-cezve-hediyeli-kolombiya-tam-kavrulmus-kahve-cekirdekleri-premium-filtre-kahve-seti-3x500g\/"]}]},{"@type":"ImageObject","inLanguage":"tr","@id":"https:\/\/airobazar.com\/tr\/urun\/bakir-cezve-hediyeli-kolombiya-tam-kavrulmus-kahve-cekirdekleri-premium-filtre-kahve-seti-3x500g\/#primaryimage","url":"https:\/\/airobazar.com\/wp-content\/uploads\/2026\/02\/french-press-hediyeli-3.jpg","contentUrl":"https:\/\/airobazar.com\/wp-content\/uploads\/2026\/02\/french-press-hediyeli-3.jpg","width":1080,"height":1350},{"@type":"BreadcrumbList","@id":"https:\/\/airobazar.com\/tr\/urun\/bakir-cezve-hediyeli-kolombiya-tam-kavrulmus-kahve-cekirdekleri-premium-filtre-kahve-seti-3x500g\/#breadcrumb","itemListElement":[{"@type":"ListItem","position":1,"name":"Home","item":"https:\/\/airobazar.com\/tr\/"},{"@type":"ListItem","position":2,"name":"Ma\u011faza","item":"https:\/\/airobazar.com\/tr\/magaza\/"},{"@type":"ListItem","position":3,"name":"American Monarch French Press Hediyeli Tam Kavrulmu\u015f Kahve Seti, Premium Filtre Kahve Seti 3x500g"}]},{"@type":"WebSite","@id":"https:\/\/airobazar.com\/#website","url":"https:\/\/airobazar.com\/","name":"AiroBazar","description":"online sales","potentialAction":[{"@type":"SearchAction","target":{"@type":"EntryPoint","urlTemplate":"https:\/\/airobazar.com\/?s={search_term_string}"},"query-input":{"@type":"PropertyValueSpecification","valueRequired":true,"valueName":"search_term_string"}}],"inLanguage":"tr"}]}},"_links":{"self":[{"href":"https:\/\/airobazar.com\/tr\/wp-json\/wp\/v2\/product\/10467","targetHints":{"allow":["GET"]}}],"collection":[{"href":"https:\/\/airobazar.com\/tr\/wp-json\/wp\/v2\/product"}],"about":[{"href":"https:\/\/airobazar.com\/tr\/wp-json\/wp\/v2\/types\/product"}],"replies":[{"embeddable":true,"href":"https:\/\/airobazar.com\/tr\/wp-json\/wp\/v2\/comments?post=10467"}],"version-history":[{"count":5,"href":"https:\/\/airobazar.com\/tr\/wp-json\/wp\/v2\/product\/10467\/revisions"}],"predecessor-version":[{"id":10550,"href":"https:\/\/airobazar.com\/tr\/wp-json\/wp\/v2\/product\/10467\/revisions\/10550"}],"wp:featuredmedia":[{"embeddable":true,"href":"https:\/\/airobazar.com\/tr\/wp-json\/wp\/v2\/media\/10549"}],"wp:attachment":[{"href":"https:\/\/airobazar.com\/tr\/wp-json\/wp\/v2\/media?parent=10467"}],"wp:term":[{"taxonomy":"product_brand","embeddable":true,"href":"https:\/\/airobazar.com\/tr\/wp-json\/wp\/v2\/product_brand?post=10467"},{"taxonomy":"product_cat","embeddable":true,"href":"https:\/\/airobazar.com\/tr\/wp-json\/wp\/v2\/product_cat?post=10467"},{"taxonomy":"product_tag","embeddable":true,"href":"https:\/\/airobazar.com\/tr\/wp-json\/wp\/v2\/product_tag?post=10467"}],"curies":[{"name":"wp","href":"https:\/\/api.w.org\/{rel}","templated":true}]}}