{"id":10381,"date":"2025-12-26T13:23:50","date_gmt":"2025-12-26T13:23:50","guid":{"rendered":"https:\/\/airobazar.com\/?post_type=product&#038;p=10381"},"modified":"2025-12-26T13:25:59","modified_gmt":"2025-12-26T13:25:59","slug":"bakir-cezve-hediyeli-yilbasi-hediye-kutusu-turk-kahvesi-lokum-fincan-seti-kutulu-gonderim","status":"publish","type":"product","link":"https:\/\/airobazar.com\/tr\/urun\/bakir-cezve-hediyeli-yilbasi-hediye-kutusu-turk-kahvesi-lokum-fincan-seti-kutulu-gonderim\/","title":{"rendered":"Bak\u0131r Cezve Hediyeli Y\u0131lba\u015f\u0131 Hediye Kutusu | T\u00fcrk Kahvesi, Lokum &#038; Fincan Seti | Kutulu G\u00f6nderim"},"content":{"rendered":"<h2 class=\"product-title variant-pdp\" data-testid=\"product-title\" data-drroot=\"h1\">Bak\u0131r Cezve Hediyeli Y\u0131lba\u015f\u0131 Hediye Kutusu | T\u00fcrk Kahvesi, Lokum &amp; Fincan Seti | Kutulu G\u00f6nderim<\/h2>\n<p data-start=\"320\" data-end=\"650\">Y\u0131lba\u015f\u0131na \u00f6zel olarak haz\u0131rlanan <strong data-start=\"353\" data-end=\"388\">Bak\u0131r Cezve Hediyeli Kahve Seti<\/strong>, geleneksel T\u00fcrk kahvesi k\u00fclt\u00fcr\u00fcn\u00fc \u015f\u0131k ve modern bir sunumla bir araya getiriyor. \u00d6zenle se\u00e7ilmi\u015f <strong data-start=\"487\" data-end=\"503\">T\u00fcrk kahvesi<\/strong>, <strong data-start=\"505\" data-end=\"514\">lokum<\/strong>, <strong data-start=\"516\" data-end=\"531\">fincan seti<\/strong> ve <strong data-start=\"535\" data-end=\"550\">bak\u0131r cezve<\/strong> ile haz\u0131rlanan bu \u00f6zel kutu; hem g\u00f6ze hem dama\u011fa hitap eden unutulmaz bir hediye alternatifi sunar.<\/p>\n<p data-start=\"652\" data-end=\"826\">Yeni y\u0131l, do\u011fum g\u00fcn\u00fc, \u00f6zel g\u00fcnler veya kurumsal hediyeler i\u00e7in ideal olan bu set, \u015f\u0131k kutusu sayesinde ekstra paketleme gerektirmez ve hediye etmeye haz\u0131r \u015fekilde g\u00f6nderilir.<\/p>\n<hr data-start=\"828\" data-end=\"831\" \/>\n<h3 data-start=\"833\" data-end=\"853\"><strong data-start=\"837\" data-end=\"853\">\u00dcr\u00fcn \u0130\u00e7eri\u011fi<\/strong><\/h3>\n<ul data-start=\"854\" data-end=\"976\">\n<li data-start=\"854\" data-end=\"871\">\n<p data-start=\"856\" data-end=\"871\">\u2615 Bak\u0131r Cezve<\/p>\n<\/li>\n<li data-start=\"872\" data-end=\"890\">\n<p data-start=\"874\" data-end=\"890\">\u2615 T\u00fcrk Kahvesi<\/p>\n<\/li>\n<li data-start=\"891\" data-end=\"909\">\n<p data-start=\"893\" data-end=\"909\">\ud83c\udf6c T\u00fcrk Lokumu<\/p>\n<\/li>\n<li data-start=\"910\" data-end=\"934\">\n<p data-start=\"912\" data-end=\"934\">\u2615 Kahve Fincan\u0131 Seti<\/p>\n<\/li>\n<li data-start=\"935\" data-end=\"976\">\n<p data-start=\"937\" data-end=\"976\">\ud83c\udf81 \u00d6zel Tasar\u0131m Y\u0131lba\u015f\u0131 Hediye Kutusu<\/p>\n<\/li>\n<\/ul>\n<hr data-start=\"978\" data-end=\"981\" \/>\n<h3 data-start=\"983\" data-end=\"1011\"><strong data-start=\"987\" data-end=\"1011\">\u00d6ne \u00c7\u0131kan \u00d6zellikler<\/strong><\/h3>\n<p data-start=\"1012\" data-end=\"1147\">\u2714 Geleneksel T\u00fcrk kahvesi deneyimi<br data-start=\"1046\" data-end=\"1049\" \/>\u2714 \u015e\u0131k ve otantik tasar\u0131m<br data-start=\"1073\" data-end=\"1076\" \/>\u2714 Hediye etmeye haz\u0131r \u00f6zel kutu<br data-start=\"1107\" data-end=\"1110\" \/>\u2714 Y\u0131lba\u015f\u0131 ve \u00f6zel g\u00fcnler i\u00e7in ideal<\/p>\n","protected":false},"excerpt":{"rendered":"<p>Bak\u0131r Cezve Hediyeli Y\u0131lba\u015f\u0131 Hediye Kutusu | T\u00fcrk Kahvesi, Lokum &amp; Fincan Seti | Kutulu G\u00f6nderim Y\u0131lba\u015f\u0131na \u00f6zel olarak haz\u0131rlanan<\/p>\n","protected":false},"featured_media":10382,"comment_status":"open","ping_status":"closed","template":"","meta":[],"product_brand":[],"product_cat":[237,209,205,218,240],"product_tag":[],"class_list":{"0":"post-10381","1":"product","2":"type-product","3":"status-publish","4":"has-post-thumbnail","6":"product_cat-firsat-urunler","7":"product_cat-kahve_ekipmanlari","8":"product_cat-kahve-ve-cay-fincan-takimlari","9":"product_cat-lokum-ve-kuruyemisler","10":"product_cat-tum-katagoriler","12":"first","13":"instock","14":"sale","15":"taxable","16":"shipping-taxable","17":"purchasable","18":"product-type-simple"},"yoast_head":"<!-- This site is optimized with the Yoast SEO plugin v27.4 - https:\/\/yoast.com\/product\/yoast-seo-wordpress\/ -->\n<title>Bak\u0131r Cezve Hediyeli Y\u0131lba\u015f\u0131 Hediye Kutusu | T\u00fcrk Kahvesi, Lokum &amp; Fincan Seti | Kutulu G\u00f6nderim - AiroBazar<\/title>\n<meta name=\"robots\" content=\"index, follow, max-snippet:-1, max-image-preview:large, max-video-preview:-1\" \/>\n<link rel=\"canonical\" href=\"https:\/\/airobazar.com\/tr\/urun\/bakir-cezve-hediyeli-yilbasi-hediye-kutusu-turk-kahvesi-lokum-fincan-seti-kutulu-gonderim\/\" \/>\n<meta property=\"og:locale\" content=\"tr_TR\" \/>\n<meta property=\"og:type\" content=\"article\" \/>\n<meta property=\"og:title\" content=\"Bak\u0131r Cezve Hediyeli Y\u0131lba\u015f\u0131 Hediye Kutusu | T\u00fcrk Kahvesi, Lokum &amp; Fincan Seti | Kutulu G\u00f6nderim - AiroBazar\" \/>\n<meta property=\"og:description\" content=\"Bak\u0131r Cezve Hediyeli Y\u0131lba\u015f\u0131 Hediye Kutusu | T\u00fcrk Kahvesi, Lokum &amp; Fincan Seti | Kutulu G\u00f6nderim Y\u0131lba\u015f\u0131na \u00f6zel olarak haz\u0131rlanan\" \/>\n<meta property=\"og:url\" content=\"https:\/\/airobazar.com\/tr\/urun\/bakir-cezve-hediyeli-yilbasi-hediye-kutusu-turk-kahvesi-lokum-fincan-seti-kutulu-gonderim\/\" \/>\n<meta property=\"og:site_name\" content=\"AiroBazar\" \/>\n<meta property=\"article:modified_time\" content=\"2025-12-26T13:25:59+00:00\" \/>\n<meta property=\"og:image\" content=\"https:\/\/airobazar.com\/wp-content\/uploads\/2025\/12\/SET-4-3-lokum-1-kahve-fincan-768x1024.png\" \/>\n\t<meta property=\"og:image:width\" content=\"768\" \/>\n\t<meta property=\"og:image:height\" content=\"1024\" \/>\n\t<meta property=\"og:image:type\" content=\"image\/png\" \/>\n<meta name=\"twitter:card\" content=\"summary_large_image\" \/>\n<meta name=\"twitter:label1\" content=\"Tahmini okuma s\u00fcresi\" \/>\n\t<meta name=\"twitter:data1\" content=\"1 dakika\" \/>\n<script type=\"application\/ld+json\" class=\"yoast-schema-graph\">{\"@context\":\"https:\\\/\\\/schema.org\",\"@graph\":[{\"@type\":\"WebPage\",\"@id\":\"https:\\\/\\\/airobazar.com\\\/tr\\\/urun\\\/bakir-cezve-hediyeli-yilbasi-hediye-kutusu-turk-kahvesi-lokum-fincan-seti-kutulu-gonderim\\\/\",\"url\":\"https:\\\/\\\/airobazar.com\\\/tr\\\/urun\\\/bakir-cezve-hediyeli-yilbasi-hediye-kutusu-turk-kahvesi-lokum-fincan-seti-kutulu-gonderim\\\/\",\"name\":\"Bak\u0131r Cezve Hediyeli Y\u0131lba\u015f\u0131 Hediye Kutusu | T\u00fcrk Kahvesi, Lokum & Fincan Seti | Kutulu G\u00f6nderim - AiroBazar\",\"isPartOf\":{\"@id\":\"https:\\\/\\\/airobazar.com\\\/#website\"},\"primaryImageOfPage\":{\"@id\":\"https:\\\/\\\/airobazar.com\\\/tr\\\/urun\\\/bakir-cezve-hediyeli-yilbasi-hediye-kutusu-turk-kahvesi-lokum-fincan-seti-kutulu-gonderim\\\/#primaryimage\"},\"image\":{\"@id\":\"https:\\\/\\\/airobazar.com\\\/tr\\\/urun\\\/bakir-cezve-hediyeli-yilbasi-hediye-kutusu-turk-kahvesi-lokum-fincan-seti-kutulu-gonderim\\\/#primaryimage\"},\"thumbnailUrl\":\"https:\\\/\\\/airobazar.com\\\/wp-content\\\/uploads\\\/2025\\\/12\\\/SET-4-3-lokum-1-kahve-fincan.png\",\"datePublished\":\"2025-12-26T13:23:50+00:00\",\"dateModified\":\"2025-12-26T13:25:59+00:00\",\"breadcrumb\":{\"@id\":\"https:\\\/\\\/airobazar.com\\\/tr\\\/urun\\\/bakir-cezve-hediyeli-yilbasi-hediye-kutusu-turk-kahvesi-lokum-fincan-seti-kutulu-gonderim\\\/#breadcrumb\"},\"inLanguage\":\"tr\",\"potentialAction\":[{\"@type\":\"ReadAction\",\"target\":[\"https:\\\/\\\/airobazar.com\\\/tr\\\/urun\\\/bakir-cezve-hediyeli-yilbasi-hediye-kutusu-turk-kahvesi-lokum-fincan-seti-kutulu-gonderim\\\/\"]}]},{\"@type\":\"ImageObject\",\"inLanguage\":\"tr\",\"@id\":\"https:\\\/\\\/airobazar.com\\\/tr\\\/urun\\\/bakir-cezve-hediyeli-yilbasi-hediye-kutusu-turk-kahvesi-lokum-fincan-seti-kutulu-gonderim\\\/#primaryimage\",\"url\":\"https:\\\/\\\/airobazar.com\\\/wp-content\\\/uploads\\\/2025\\\/12\\\/SET-4-3-lokum-1-kahve-fincan.png\",\"contentUrl\":\"https:\\\/\\\/airobazar.com\\\/wp-content\\\/uploads\\\/2025\\\/12\\\/SET-4-3-lokum-1-kahve-fincan.png\",\"width\":1200,\"height\":1600},{\"@type\":\"BreadcrumbList\",\"@id\":\"https:\\\/\\\/airobazar.com\\\/tr\\\/urun\\\/bakir-cezve-hediyeli-yilbasi-hediye-kutusu-turk-kahvesi-lokum-fincan-seti-kutulu-gonderim\\\/#breadcrumb\",\"itemListElement\":[{\"@type\":\"ListItem\",\"position\":1,\"name\":\"Home\",\"item\":\"https:\\\/\\\/airobazar.com\\\/tr\\\/\"},{\"@type\":\"ListItem\",\"position\":2,\"name\":\"Ma\u011faza\",\"item\":\"https:\\\/\\\/airobazar.com\\\/tr\\\/magaza\\\/\"},{\"@type\":\"ListItem\",\"position\":3,\"name\":\"Bak\u0131r Cezve Hediyeli Y\u0131lba\u015f\u0131 Hediye Kutusu | T\u00fcrk Kahvesi, Lokum &#038; Fincan Seti | Kutulu G\u00f6nderim\"}]},{\"@type\":\"WebSite\",\"@id\":\"https:\\\/\\\/airobazar.com\\\/#website\",\"url\":\"https:\\\/\\\/airobazar.com\\\/\",\"name\":\"AiroBazar\",\"description\":\"online sales\",\"potentialAction\":[{\"@type\":\"SearchAction\",\"target\":{\"@type\":\"EntryPoint\",\"urlTemplate\":\"https:\\\/\\\/airobazar.com\\\/?s={search_term_string}\"},\"query-input\":{\"@type\":\"PropertyValueSpecification\",\"valueRequired\":true,\"valueName\":\"search_term_string\"}}],\"inLanguage\":\"tr\"}]}<\/script>\n<!-- \/ Yoast SEO plugin. -->","yoast_head_json":{"title":"Bak\u0131r Cezve Hediyeli Y\u0131lba\u015f\u0131 Hediye Kutusu | T\u00fcrk Kahvesi, Lokum & Fincan Seti | Kutulu G\u00f6nderim - AiroBazar","robots":{"index":"index","follow":"follow","max-snippet":"max-snippet:-1","max-image-preview":"max-image-preview:large","max-video-preview":"max-video-preview:-1"},"canonical":"https:\/\/airobazar.com\/tr\/urun\/bakir-cezve-hediyeli-yilbasi-hediye-kutusu-turk-kahvesi-lokum-fincan-seti-kutulu-gonderim\/","og_locale":"tr_TR","og_type":"article","og_title":"Bak\u0131r Cezve Hediyeli Y\u0131lba\u015f\u0131 Hediye Kutusu | T\u00fcrk Kahvesi, Lokum & Fincan Seti | Kutulu G\u00f6nderim - AiroBazar","og_description":"Bak\u0131r Cezve Hediyeli Y\u0131lba\u015f\u0131 Hediye Kutusu | T\u00fcrk Kahvesi, Lokum &amp; Fincan Seti | Kutulu G\u00f6nderim Y\u0131lba\u015f\u0131na \u00f6zel olarak haz\u0131rlanan","og_url":"https:\/\/airobazar.com\/tr\/urun\/bakir-cezve-hediyeli-yilbasi-hediye-kutusu-turk-kahvesi-lokum-fincan-seti-kutulu-gonderim\/","og_site_name":"AiroBazar","article_modified_time":"2025-12-26T13:25:59+00:00","og_image":[{"width":768,"height":1024,"url":"https:\/\/airobazar.com\/wp-content\/uploads\/2025\/12\/SET-4-3-lokum-1-kahve-fincan-768x1024.png","type":"image\/png"}],"twitter_card":"summary_large_image","twitter_misc":{"Tahmini okuma s\u00fcresi":"1 dakika"},"schema":{"@context":"https:\/\/schema.org","@graph":[{"@type":"WebPage","@id":"https:\/\/airobazar.com\/tr\/urun\/bakir-cezve-hediyeli-yilbasi-hediye-kutusu-turk-kahvesi-lokum-fincan-seti-kutulu-gonderim\/","url":"https:\/\/airobazar.com\/tr\/urun\/bakir-cezve-hediyeli-yilbasi-hediye-kutusu-turk-kahvesi-lokum-fincan-seti-kutulu-gonderim\/","name":"Bak\u0131r Cezve Hediyeli Y\u0131lba\u015f\u0131 Hediye Kutusu | T\u00fcrk Kahvesi, Lokum & Fincan Seti | Kutulu G\u00f6nderim - AiroBazar","isPartOf":{"@id":"https:\/\/airobazar.com\/#website"},"primaryImageOfPage":{"@id":"https:\/\/airobazar.com\/tr\/urun\/bakir-cezve-hediyeli-yilbasi-hediye-kutusu-turk-kahvesi-lokum-fincan-seti-kutulu-gonderim\/#primaryimage"},"image":{"@id":"https:\/\/airobazar.com\/tr\/urun\/bakir-cezve-hediyeli-yilbasi-hediye-kutusu-turk-kahvesi-lokum-fincan-seti-kutulu-gonderim\/#primaryimage"},"thumbnailUrl":"https:\/\/airobazar.com\/wp-content\/uploads\/2025\/12\/SET-4-3-lokum-1-kahve-fincan.png","datePublished":"2025-12-26T13:23:50+00:00","dateModified":"2025-12-26T13:25:59+00:00","breadcrumb":{"@id":"https:\/\/airobazar.com\/tr\/urun\/bakir-cezve-hediyeli-yilbasi-hediye-kutusu-turk-kahvesi-lokum-fincan-seti-kutulu-gonderim\/#breadcrumb"},"inLanguage":"tr","potentialAction":[{"@type":"ReadAction","target":["https:\/\/airobazar.com\/tr\/urun\/bakir-cezve-hediyeli-yilbasi-hediye-kutusu-turk-kahvesi-lokum-fincan-seti-kutulu-gonderim\/"]}]},{"@type":"ImageObject","inLanguage":"tr","@id":"https:\/\/airobazar.com\/tr\/urun\/bakir-cezve-hediyeli-yilbasi-hediye-kutusu-turk-kahvesi-lokum-fincan-seti-kutulu-gonderim\/#primaryimage","url":"https:\/\/airobazar.com\/wp-content\/uploads\/2025\/12\/SET-4-3-lokum-1-kahve-fincan.png","contentUrl":"https:\/\/airobazar.com\/wp-content\/uploads\/2025\/12\/SET-4-3-lokum-1-kahve-fincan.png","width":1200,"height":1600},{"@type":"BreadcrumbList","@id":"https:\/\/airobazar.com\/tr\/urun\/bakir-cezve-hediyeli-yilbasi-hediye-kutusu-turk-kahvesi-lokum-fincan-seti-kutulu-gonderim\/#breadcrumb","itemListElement":[{"@type":"ListItem","position":1,"name":"Home","item":"https:\/\/airobazar.com\/tr\/"},{"@type":"ListItem","position":2,"name":"Ma\u011faza","item":"https:\/\/airobazar.com\/tr\/magaza\/"},{"@type":"ListItem","position":3,"name":"Bak\u0131r Cezve Hediyeli Y\u0131lba\u015f\u0131 Hediye Kutusu | T\u00fcrk Kahvesi, Lokum &#038; Fincan Seti | Kutulu G\u00f6nderim"}]},{"@type":"WebSite","@id":"https:\/\/airobazar.com\/#website","url":"https:\/\/airobazar.com\/","name":"AiroBazar","description":"online sales","potentialAction":[{"@type":"SearchAction","target":{"@type":"EntryPoint","urlTemplate":"https:\/\/airobazar.com\/?s={search_term_string}"},"query-input":{"@type":"PropertyValueSpecification","valueRequired":true,"valueName":"search_term_string"}}],"inLanguage":"tr"}]}},"_links":{"self":[{"href":"https:\/\/airobazar.com\/tr\/wp-json\/wp\/v2\/product\/10381","targetHints":{"allow":["GET"]}}],"collection":[{"href":"https:\/\/airobazar.com\/tr\/wp-json\/wp\/v2\/product"}],"about":[{"href":"https:\/\/airobazar.com\/tr\/wp-json\/wp\/v2\/types\/product"}],"replies":[{"embeddable":true,"href":"https:\/\/airobazar.com\/tr\/wp-json\/wp\/v2\/comments?post=10381"}],"version-history":[{"count":1,"href":"https:\/\/airobazar.com\/tr\/wp-json\/wp\/v2\/product\/10381\/revisions"}],"predecessor-version":[{"id":10385,"href":"https:\/\/airobazar.com\/tr\/wp-json\/wp\/v2\/product\/10381\/revisions\/10385"}],"wp:featuredmedia":[{"embeddable":true,"href":"https:\/\/airobazar.com\/tr\/wp-json\/wp\/v2\/media\/10382"}],"wp:attachment":[{"href":"https:\/\/airobazar.com\/tr\/wp-json\/wp\/v2\/media?parent=10381"}],"wp:term":[{"taxonomy":"product_brand","embeddable":true,"href":"https:\/\/airobazar.com\/tr\/wp-json\/wp\/v2\/product_brand?post=10381"},{"taxonomy":"product_cat","embeddable":true,"href":"https:\/\/airobazar.com\/tr\/wp-json\/wp\/v2\/product_cat?post=10381"},{"taxonomy":"product_tag","embeddable":true,"href":"https:\/\/airobazar.com\/tr\/wp-json\/wp\/v2\/product_tag?post=10381"}],"curies":[{"name":"wp","href":"https:\/\/api.w.org\/{rel}","templated":true}]}}