{"id":6564,"date":"2024-03-01T12:52:44","date_gmt":"2024-03-01T12:52:44","guid":{"rendered":"https:\/\/airobazar.com\/?page_id=6564"},"modified":"2025-09-08T14:59:24","modified_gmt":"2025-09-08T14:59:24","slug":"gonderim","status":"publish","type":"page","link":"https:\/\/airobazar.com\/tr\/gonderim\/","title":{"rendered":"G\u00f6nderim"},"content":{"rendered":"\t\t<div data-elementor-type=\"wp-page\" data-elementor-id=\"6564\" class=\"elementor elementor-6564 elementor-19\" data-elementor-post-type=\"page\">\n\t\t\t\t<div class=\"wd-negative-gap elementor-element elementor-element-a35645f e-flex e-con-boxed e-con e-parent\" data-id=\"a35645f\" data-element_type=\"container\" data-e-type=\"container\">\n\t\t\t\t\t<div class=\"e-con-inner\">\n\t\t<div class=\"elementor-element elementor-element-88def0b e-con-full e-flex e-con e-child\" data-id=\"88def0b\" data-element_type=\"container\" data-e-type=\"container\" data-settings=\"{&quot;background_background&quot;:&quot;classic&quot;}\">\n\t\t\t\t<div class=\"elementor-element elementor-element-9bb7ee2 wd-width-100 elementor-widget elementor-widget-wd_title\" data-id=\"9bb7ee2\" data-element_type=\"widget\" data-e-type=\"widget\" data-widget_type=\"wd_title.default\">\n\t\t\t\t<div class=\"elementor-widget-container\">\n\t\t\t\t\t\t\t<div class=\"title-wrapper wd-set-mb reset-last-child wd-title-color-default wd-title-style-default wd-title-size-default text-left\">\n\n\t\t\t\n\t\t\t<div class=\"liner-continer\">\n\t\t\t\t<h4 class=\"woodmart-title-container title wd-fontsize-l\">Teslimat Se\u00e7eneklerine Genel Bak\u0131\u015f<\/h4> \n\t\t\t\t\t\t\t<\/div>\n\n\t\t\t\t\t<\/div>\n\t\t\t\t\t\t<\/div>\n\t\t\t\t<\/div>\n\t\t\t\t<div class=\"elementor-element elementor-element-89c0913 elementor-widget elementor-widget-wd_text_block\" data-id=\"89c0913\" data-element_type=\"widget\" data-e-type=\"widget\" data-widget_type=\"wd_text_block.default\">\n\t\t\t\t<div class=\"elementor-widget-container\">\n\t\t\t\t\t\t\t<div class=\"wd-text-block reset-last-child text-left\">\n\t\t\t\n\t\t\t<p>Airobazar, herhangi bir gereksinim i\u00e7in ideal nakliye y\u00f6ntemleri sunar. DHL\/Standart Parsel Post arac\u0131l\u0131\u011f\u0131yla d\u00fc\u015f\u00fck fiyatl\u0131, DHL Express veya UPS arac\u0131l\u0131\u011f\u0131yla daha h\u0131zl\u0131 veya \u00f6zellikle g\u00fcvenilir ve g\u00fcvenli bir \u015fekilde g\u00fcvenilir ve g\u00fcvenli olsun. Ayr\u0131ca, isterseniz sipari\u015finizi d\u00fckkan\u0131m\u0131zda kendiniz alabilirsiniz. Bu sayfada mevcut t\u00fcm g\u00f6nderim y\u00f6ntemlerine genel bir bak\u0131\u015f bulacaks\u0131n\u0131z.<\/p><div id=\"ag-popper-container-1757343263381\" class=\"ag-translate-popper-host\">\u00a0<\/div><p>\u00a0<\/p>\n\t\t\t\t\t<\/div>\n\t\t\t\t\t\t<\/div>\n\t\t\t\t<\/div>\n\t\t<div class=\"wd-negative-gap elementor-element elementor-element-e76b9fe e-flex e-con-boxed e-con e-child\" data-id=\"e76b9fe\" data-element_type=\"container\" data-e-type=\"container\">\n\t\t\t\t\t<div class=\"e-con-inner\">\n\t\t<div class=\"elementor-element elementor-element-c633c95 e-con-full e-flex e-con e-child\" data-id=\"c633c95\" data-element_type=\"container\" data-e-type=\"container\">\n\t\t<div class=\"elementor-element elementor-element-f0a22fa e-con-full e-flex e-con e-child\" data-id=\"f0a22fa\" data-element_type=\"container\" data-e-type=\"container\" data-settings=\"{&quot;background_background&quot;:&quot;classic&quot;}\">\n\t\t\t\t<div class=\"elementor-element elementor-element-7e6f409 elementor-widget__width-auto elementor-widget elementor-widget-wd_text_block\" data-id=\"7e6f409\" data-element_type=\"widget\" data-e-type=\"widget\" data-widget_type=\"wd_text_block.default\">\n\t\t\t\t<div class=\"elementor-widget-container\">\n\t\t\t\t\t\t\t<div class=\"wd-text-block reset-last-child text-center color-title\">\n\t\t\t\n\t\t\t<p>1. \u00dcr\u00fcn\u00fc sipari\u015f edin ve da\u011f\u0131t\u0131m y\u00f6ntemini belirtin<\/p><div id=\"ag-popper-container-1757343302560\" class=\"ag-translate-popper-host\">\u00a0<\/div><p>\u00a0<\/p>\n\t\t\t\t\t<\/div>\n\t\t\t\t\t\t<\/div>\n\t\t\t\t<\/div>\n\t\t\t\t<div class=\"elementor-element elementor-element-8bc4c60 elementor-widget elementor-widget-wd_image_or_svg\" data-id=\"8bc4c60\" data-element_type=\"widget\" data-e-type=\"widget\" data-widget_type=\"wd_image_or_svg.default\">\n\t\t\t\t<div class=\"elementor-widget-container\">\n\t\t\t\t\t\n\t\t<div class=\"wd-image text-center\">\n\t\t\t\t\t\t\t\t<img decoding=\"async\"  src=\"https:\/\/airobazar.com\/wp-content\/themes\/woodmart\/images\/lazy.svg\" data-src=\"https:\/\/airobazar.com\/wp-content\/uploads\/2024\/03\/vg-delivery-img-icon-1.svg\" title=\"vg-delivery-img-icon-1\" loading=\"lazy\" width=\"128\" height=\"128\">\t\t\t\t\t<\/div>\n\n\t\t\t\t\t\t<\/div>\n\t\t\t\t<\/div>\n\t\t\t\t<\/div>\n\t\t<div class=\"elementor-element elementor-element-9433ecc e-con-full e-flex e-con e-child\" data-id=\"9433ecc\" data-element_type=\"container\" data-e-type=\"container\" data-settings=\"{&quot;background_background&quot;:&quot;classic&quot;}\">\n\t\t\t\t<div class=\"elementor-element elementor-element-d8c9638 elementor-widget__width-auto elementor-widget elementor-widget-wd_text_block\" data-id=\"d8c9638\" data-element_type=\"widget\" data-e-type=\"widget\" data-widget_type=\"wd_text_block.default\">\n\t\t\t\t<div class=\"elementor-widget-container\">\n\t\t\t\t\t\t\t<div class=\"wd-text-block reset-last-child text-center color-title\">\n\t\t\t\n\t\t\t<p>2. Sipari\u015f onay mesaj\u0131 alacaks\u0131n\u0131z<\/p><div id=\"ag-popper-container-1757343325565\" class=\"ag-translate-popper-host\">\u00a0<\/div><p>\u00a0<\/p>\n\t\t\t\t\t<\/div>\n\t\t\t\t\t\t<\/div>\n\t\t\t\t<\/div>\n\t\t\t\t<div class=\"elementor-element elementor-element-294ed2c elementor-widget elementor-widget-wd_image_or_svg\" data-id=\"294ed2c\" data-element_type=\"widget\" data-e-type=\"widget\" data-widget_type=\"wd_image_or_svg.default\">\n\t\t\t\t<div class=\"elementor-widget-container\">\n\t\t\t\t\t\n\t\t<div class=\"wd-image text-center\">\n\t\t\t\t\t\t\t\t<img decoding=\"async\"  src=\"https:\/\/airobazar.com\/wp-content\/themes\/woodmart\/images\/lazy.svg\" data-src=\"https:\/\/airobazar.com\/wp-content\/uploads\/2024\/03\/vg-delivery-img-icon-2.svg\" title=\"vg-delivery-img-icon-2\" loading=\"lazy\" width=\"128\" height=\"128\">\t\t\t\t\t<\/div>\n\n\t\t\t\t\t\t<\/div>\n\t\t\t\t<\/div>\n\t\t\t\t<\/div>\n\t\t\t\t<\/div>\n\t\t<div class=\"elementor-element elementor-element-25400da e-con-full e-flex e-con e-child\" data-id=\"25400da\" data-element_type=\"container\" data-e-type=\"container\">\n\t\t<div class=\"elementor-element elementor-element-0fb5bc0 e-con-full e-flex e-con e-child\" data-id=\"0fb5bc0\" data-element_type=\"container\" data-e-type=\"container\" data-settings=\"{&quot;background_background&quot;:&quot;classic&quot;}\">\n\t\t\t\t<div class=\"elementor-element elementor-element-dee9c7e elementor-widget__width-auto elementor-widget elementor-widget-wd_text_block\" data-id=\"dee9c7e\" data-element_type=\"widget\" data-e-type=\"widget\" data-widget_type=\"wd_text_block.default\">\n\t\t\t\t<div class=\"elementor-widget-container\">\n\t\t\t\t\t\t\t<div class=\"wd-text-block reset-last-child text-center color-title\">\n\t\t\t\n\t\t\t<p>3. Sipari\u015finizin gelmesini bekleyin<\/p><div id=\"ag-popper-container-1757343336248\" class=\"ag-translate-popper-host\">\u00a0<\/div><p>\u00a0<\/p>\n\t\t\t\t\t<\/div>\n\t\t\t\t\t\t<\/div>\n\t\t\t\t<\/div>\n\t\t\t\t<div class=\"elementor-element elementor-element-e130706 elementor-widget elementor-widget-wd_image_or_svg\" data-id=\"e130706\" data-element_type=\"widget\" data-e-type=\"widget\" data-widget_type=\"wd_image_or_svg.default\">\n\t\t\t\t<div class=\"elementor-widget-container\">\n\t\t\t\t\t\n\t\t<div class=\"wd-image text-center\">\n\t\t\t\t\t\t\t\t<img decoding=\"async\"  src=\"https:\/\/airobazar.com\/wp-content\/themes\/woodmart\/images\/lazy.svg\" data-src=\"https:\/\/airobazar.com\/wp-content\/uploads\/2024\/03\/vg-delivery-img-icon-3.svg\" title=\"vg-delivery-img-icon-3\" loading=\"lazy\" width=\"128\" height=\"128\">\t\t\t\t\t<\/div>\n\n\t\t\t\t\t\t<\/div>\n\t\t\t\t<\/div>\n\t\t\t\t<\/div>\n\t\t<div class=\"elementor-element elementor-element-8c03b16 e-con-full e-flex e-con e-child\" data-id=\"8c03b16\" data-element_type=\"container\" data-e-type=\"container\" data-settings=\"{&quot;background_background&quot;:&quot;classic&quot;}\">\n\t\t\t\t<div class=\"elementor-element elementor-element-018f14d elementor-widget__width-auto elementor-widget elementor-widget-wd_text_block\" data-id=\"018f14d\" data-element_type=\"widget\" data-e-type=\"widget\" data-widget_type=\"wd_text_block.default\">\n\t\t\t\t<div class=\"elementor-widget-container\">\n\t\t\t\t\t\t\t<div class=\"wd-text-block reset-last-child text-center color-title\">\n\t\t\t\n\t\t\t<p>4. \u00d6deme alan\u0131nda sipari\u015finizi al\u0131n<\/p><div id=\"ag-popper-container-1757343347737\" class=\"ag-translate-popper-host\">\u00a0<\/div><p>\u00a0<\/p>\n\t\t\t\t\t<\/div>\n\t\t\t\t\t\t<\/div>\n\t\t\t\t<\/div>\n\t\t\t\t<div class=\"elementor-element elementor-element-4814258 elementor-widget elementor-widget-wd_image_or_svg\" data-id=\"4814258\" data-element_type=\"widget\" data-e-type=\"widget\" data-widget_type=\"wd_image_or_svg.default\">\n\t\t\t\t<div class=\"elementor-widget-container\">\n\t\t\t\t\t\n\t\t<div class=\"wd-image text-center\">\n\t\t\t\t\t\t\t\t<img decoding=\"async\"  src=\"https:\/\/airobazar.com\/wp-content\/themes\/woodmart\/images\/lazy.svg\" data-src=\"https:\/\/airobazar.com\/wp-content\/uploads\/2024\/03\/vg-delivery-img-icon-4.svg\" title=\"vg-delivery-img-icon-4\" loading=\"lazy\" width=\"128\" height=\"128\">\t\t\t\t\t<\/div>\n\n\t\t\t\t\t\t<\/div>\n\t\t\t\t<\/div>\n\t\t\t\t<\/div>\n\t\t\t\t<\/div>\n\t\t\t\t\t<\/div>\n\t\t\t\t<\/div>\n\t\t\t\t<\/div>\n\t\t<div class=\"elementor-element elementor-element-61af184 e-con-full e-flex e-con e-child\" data-id=\"61af184\" data-element_type=\"container\" data-e-type=\"container\" data-settings=\"{&quot;background_background&quot;:&quot;classic&quot;}\">\n\t\t\t\t<div class=\"elementor-element elementor-element-c9545bf wd-width-100 elementor-widget elementor-widget-wd_title\" data-id=\"c9545bf\" data-element_type=\"widget\" data-e-type=\"widget\" data-widget_type=\"wd_title.default\">\n\t\t\t\t<div class=\"elementor-widget-container\">\n\t\t\t\t\t\t\t<div class=\"title-wrapper wd-set-mb reset-last-child wd-title-color-default wd-title-style-default wd-title-size-default text-left\">\n\n\t\t\t\n\t\t\t<div class=\"liner-continer\">\n\t\t\t\t<h4 class=\"woodmart-title-container title wd-fontsize-l\">Mallar\u0131n de\u011fi\u015fimi veya geri d\u00f6n\u00fc\u015f\u00fc<\/h4> \n\t\t\t\t\t\t\t<\/div>\n\n\t\t\t\t\t<\/div>\n\t\t\t\t\t\t<\/div>\n\t\t\t\t<\/div>\n\t\t\t\t<div class=\"elementor-element elementor-element-924d734 elementor-widget elementor-widget-wd_text_block\" data-id=\"924d734\" data-element_type=\"widget\" data-e-type=\"widget\" data-widget_type=\"wd_text_block.default\">\n\t\t\t\t<div class=\"elementor-widget-container\">\n\t\t\t\t\t\t\t<div class=\"wd-text-block reset-last-child text-left\">\n\t\t\t\n\t\t\t<p>\u00dcr\u00fcn\u00fcn kaliteli olmas\u0131 halinde, al\u0131c\u0131, s\u00f6zle\u015fmenin ifas\u0131ndan itibaren 14 g\u00fcn i\u00e7inde mesafeli sat\u0131\u015f s\u00f6zle\u015fmesini feshetme hakk\u0131na sahiptir.<\/p><p>S\u00f6zle\u015fmeyi feshetme hakk\u0131n\u0131n ge\u00e7erli olabilmesi i\u00e7in, t\u00fcketicinin \u00fcr\u00fcn\u00fcn orijinal haliyle muhafaza edilmesini takip etmesi gerekmektedir. Cihaz\u0131n m\u00fc\u015fterinin kusuru olmaks\u0131z\u0131n tahrip olmas\u0131, hasar g\u00f6rmesi veya hasar g\u00f6rmesi halinde, m\u00fc\u015fteri s\u00f6zle\u015fmeyi feshetme hakk\u0131ndan mahrum b\u0131rak\u0131lmaz. \u00dcr\u00fcn\u00fcn ambalaj\u0131n\u0131n a\u00e7\u0131lmas\u0131 veya \u00e7al\u0131\u015f\u0131r durumda olup olmad\u0131\u011f\u0131n\u0131n kontrol edilmesi nedeniyle de\u011ferinde azalma olmas\u0131, t\u00fcketicinin iade talebinde bulunamayaca\u011f\u0131 anlam\u0131na gelmez.<\/p><div id=\"ag-popper-container-1757343371042\" class=\"ag-translate-popper-host\">\u00a0<\/div><p>\u00a0<\/p>\n\t\t\t\t\t<\/div>\n\t\t\t\t\t\t<\/div>\n\t\t\t\t<\/div>\n\t\t\t\t<div class=\"elementor-element elementor-element-92f77ca elementor-widget elementor-widget-wd_text_block\" data-id=\"92f77ca\" data-element_type=\"widget\" data-e-type=\"widget\" data-widget_type=\"wd_text_block.default\">\n\t\t\t\t<div class=\"elementor-widget-container\">\n\t\t\t\t\t\t\t<div class=\"wd-text-block reset-last-child text-left\">\n\t\t\t\n\t\t\t<h4>A\u015fa\u011f\u0131daki bile\u015fenlerden en az birinin eksik olmas\u0131 durumunda \u00fcr\u00fcn iade al\u0131nmaz:<\/h4><ul><li><p>Tam donan\u0131ml\u0131 ekipman;<br \/>Airobazar online ma\u011fazas\u0131ndan sat\u0131n alma i\u015flemini kan\u0131tlayan bir makbuz;<br \/>Garanti belgesi;<br \/>Servis departman\u0131 taraf\u0131ndan d\u00fczenlenmi\u015f, ar\u0131zay\u0131 a\u00e7\u0131klayan bir tutanak.<\/p><p>Mal bedeli, y\u00fcr\u00fcrl\u00fckteki mevzuatta belirtilen ko\u015fullar dahilinde iade edilecektir.<\/p><\/li><\/ul><div id=\"ag-popper-container-1757343384285\" class=\"ag-translate-popper-host\">\u00a0<\/div><p>\u00a0<\/p>\n\t\t\t\t\t<\/div>\n\t\t\t\t\t\t<\/div>\n\t\t\t\t<\/div>\n\t\t\t\t<\/div>\n\t\t<div class=\"elementor-element elementor-element-733c9ae e-con-full e-flex e-con e-child\" data-id=\"733c9ae\" data-element_type=\"container\" data-e-type=\"container\" data-settings=\"{&quot;background_background&quot;:&quot;classic&quot;}\">\n\t\t\t\t<div class=\"elementor-element elementor-element-f1a462b wd-width-100 elementor-widget elementor-widget-wd_title\" data-id=\"f1a462b\" data-element_type=\"widget\" data-e-type=\"widget\" data-widget_type=\"wd_title.default\">\n\t\t\t\t<div class=\"elementor-widget-container\">\n\t\t\t\t\t\t\t<div class=\"title-wrapper wd-set-mb reset-last-child wd-title-color-default wd-title-style-default wd-title-size-default text-left\">\n\n\t\t\t\n\t\t\t<div class=\"liner-continer\">\n\t\t\t\t<h4 class=\"woodmart-title-container title wd-fontsize-l\">S.S.S<\/h4> \n\t\t\t\t\t\t\t<\/div>\n\n\t\t\t\t\t<\/div>\n\t\t\t\t\t\t<\/div>\n\t\t\t\t<\/div>\n\t\t\t\t<div class=\"elementor-element elementor-element-2a77651 elementor-widget elementor-widget-wd_accordion\" data-id=\"2a77651\" data-element_type=\"widget\" data-e-type=\"widget\" data-widget_type=\"wd_accordion.default\">\n\t\t\t\t<div class=\"elementor-widget-container\">\n\t\t\t\t\t\n\t\t<div class=\"wd-accordion wd-style-default wd-border-off wd-titles-left wd-opener-pos-right wd-opener-style-arrow\" data-state=\"first\">\n\t\t\t\t\t\t\t\n\t\t\t\t<div class=\"wd-accordion-item\">\n\t\t\t\t\t<div class=\"wd-accordion-title wd-role-btn wd-active\" data-accordion-index=\"0\" tabindex=\"0\">\n\t\t\t\t\t\t<div class=\"wd-accordion-title-text\">\n\t\t\t\t\t\t\t\t\t\t\t\t\t\t<span>\n\t\t\t\t\t\t\t\tSipari\u015fim hen\u00fcz gelmedi. Nerede?\t\t\t\t\t\t\t<\/span>\n\t\t\t\t\t\t<\/div>\n\t\t\t\t\t\t<span class=\"wd-accordion-opener\"><\/span>\n\t\t\t\t\t<\/div>\n\n\t\t\t\t\t<div class=\"wd-accordion-content wd-entry-content wd-active\" data-accordion-index=\"0\">\n\t\t\t\t\t\t\t\t\t\t\t\t\t\n\t\t\t\t\t\t\t\n\t\t\t\t\t\t\t\t\t\t\t\t\t\t\t\t\t\t<\/div>\n\t\t\t\t<\/div>\n\t\t\t\t\t\t\t\n\t\t\t\t<div class=\"wd-accordion-item\">\n\t\t\t\t\t<div class=\"wd-accordion-title wd-role-btn\" data-accordion-index=\"1\" tabindex=\"0\">\n\t\t\t\t\t\t<div class=\"wd-accordion-title-text\">\n\t\t\t\t\t\t\t\t\t\t\t\t\t\t<span>\n\t\t\t\t\t\t\t\tResmi tatillerde teslimat yap\u0131yor musunuz?\t\t\t\t\t\t\t<\/span>\n\t\t\t\t\t\t<\/div>\n\t\t\t\t\t\t<span class=\"wd-accordion-opener\"><\/span>\n\t\t\t\t\t<\/div>\n\n\t\t\t\t\t<div class=\"wd-accordion-content wd-entry-content\" data-accordion-index=\"1\">\n\t\t\t\t\t\t\t\t\t\t\t\t\t\n\t\t\t\t\t\t\t\n\t\t\t\t\t\t\t\t\t\t\t\t\t\t\t\t\t\t<\/div>\n\t\t\t\t<\/div>\n\t\t\t\t\t\t\t\n\t\t\t\t<div class=\"wd-accordion-item\">\n\t\t\t\t\t<div class=\"wd-accordion-title wd-role-btn\" data-accordion-index=\"2\" tabindex=\"0\">\n\t\t\t\t\t\t<div class=\"wd-accordion-title-text\">\n\t\t\t\t\t\t\t\t\t\t\t\t\t\t<span>\n\t\t\t\t\t\t\t\tPosta koduma teslimat yap\u0131yor musunuz?\t\t\t\t\t\t\t<\/span>\n\t\t\t\t\t\t<\/div>\n\t\t\t\t\t\t<span class=\"wd-accordion-opener\"><\/span>\n\t\t\t\t\t<\/div>\n\n\t\t\t\t\t<div class=\"wd-accordion-content wd-entry-content\" data-accordion-index=\"2\">\n\t\t\t\t\t\t\t\t\t\t\t\t\t\n\t\t\t\t\t\t\t\n\t\t\t\t\t\t\t\t\t\t\t\t\t\t\t\t\t\t<\/div>\n\t\t\t\t<\/div>\n\t\t\t\t\t\t\t\n\t\t\t\t<div class=\"wd-accordion-item\">\n\t\t\t\t\t<div class=\"wd-accordion-title wd-role-btn\" data-accordion-index=\"3\" tabindex=\"0\">\n\t\t\t\t\t\t<div class=\"wd-accordion-title-text\">\n\t\t\t\t\t\t\t\t\t\t\t\t\t\t<span>\n\t\t\t\t\t\t\t\tT\u00fcm sipari\u015flerde ertesi g\u00fcn teslimat se\u00e7ene\u011fi mevcut mu?\t\t\t\t\t\t\t<\/span>\n\t\t\t\t\t\t<\/div>\n\t\t\t\t\t\t<span class=\"wd-accordion-opener\"><\/span>\n\t\t\t\t\t<\/div>\n\n\t\t\t\t\t<div class=\"wd-accordion-content wd-entry-content\" data-accordion-index=\"3\">\n\t\t\t\t\t\t\t\t\t\t\t\t\t\n\t\t\t\t\t\t\t\n\t\t\t\t\t\t\t\t\t\t\t\t\t\t\t\t\t\t<\/div>\n\t\t\t\t<\/div>\n\t\t\t\t\t\t\t\n\t\t\t\t<div class=\"wd-accordion-item\">\n\t\t\t\t\t<div class=\"wd-accordion-title wd-role-btn\" data-accordion-index=\"4\" tabindex=\"0\">\n\t\t\t\t\t\t<div class=\"wd-accordion-title-text\">\n\t\t\t\t\t\t\t\t\t\t\t\t\t\t<span>\n\t\t\t\t\t\t\t\tTeslimat i\u00e7in imza atmak \u00fczere orada bulunmam gerekiyor mu?\t\t\t\t\t\t\t<\/span>\n\t\t\t\t\t\t<\/div>\n\t\t\t\t\t\t<span class=\"wd-accordion-opener\"><\/span>\n\t\t\t\t\t<\/div>\n\n\t\t\t\t\t<div class=\"wd-accordion-content wd-entry-content\" data-accordion-index=\"4\">\n\t\t\t\t\t\t\t\t\t\t\t\t\t\n\t\t\t\t\t\t\t\n\t\t\t\t\t\t\t\t\t\t\t\t\t\t\t\t\t\t<\/div>\n\t\t\t\t<\/div>\n\t\t\t\t\t<\/div>\n\t\t\t\t\t\t<\/div>\n\t\t\t\t<\/div>\n\t\t\t\t<\/div>\n\t\t\t\t\t<\/div>\n\t\t\t\t<\/div>\n\t\t\t\t<\/div>\n\t\t","protected":false},"excerpt":{"rendered":"<p>Teslimat Se\u00e7eneklerine Genel Bak\u0131\u015f Airobazar, herhangi bir gereksinim i\u00e7in ideal nakliye y\u00f6ntemleri sunar. DHL\/Standart Parsel Post arac\u0131l\u0131\u011f\u0131yla d\u00fc\u015f\u00fck fiyatl\u0131, DHL<\/p>\n","protected":false},"author":1,"featured_media":0,"parent":0,"menu_order":0,"comment_status":"closed","ping_status":"closed","template":"","meta":{"footnotes":""},"class_list":["post-6564","page","type-page","status-publish","hentry"],"_links":{"self":[{"href":"https:\/\/airobazar.com\/tr\/wp-json\/wp\/v2\/pages\/6564","targetHints":{"allow":["GET"]}}],"collection":[{"href":"https:\/\/airobazar.com\/tr\/wp-json\/wp\/v2\/pages"}],"about":[{"href":"https:\/\/airobazar.com\/tr\/wp-json\/wp\/v2\/types\/page"}],"author":[{"embeddable":true,"href":"https:\/\/airobazar.com\/tr\/wp-json\/wp\/v2\/users\/1"}],"replies":[{"embeddable":true,"href":"https:\/\/airobazar.com\/tr\/wp-json\/wp\/v2\/comments?post=6564"}],"version-history":[{"count":0,"href":"https:\/\/airobazar.com\/tr\/wp-json\/wp\/v2\/pages\/6564\/revisions"}],"wp:attachment":[{"href":"https:\/\/airobazar.com\/tr\/wp-json\/wp\/v2\/media?parent=6564"}],"curies":[{"name":"wp","href":"https:\/\/api.w.org\/{rel}","templated":true}]}}